{"id":797,"date":"2018-07-10T12:58:30","date_gmt":"2018-07-10T15:58:30","guid":{"rendered":"https:\/\/isp4-sfe.infd.edu.ar\/sitio\/?page_id=797"},"modified":"2025-08-01T23:26:28","modified_gmt":"2025-08-02T02:26:28","slug":"resolucion-514-18-prof-lengua-y-literatura","status":"publish","type":"page","link":"https:\/\/isp4-sfe.infd.edu.ar\/sitio\/resolucion-514-18-prof-lengua-y-literatura\/","title":{"rendered":""},"content":{"rendered":"\n<h2 class=\"wp-block-heading has-text-color\" style=\"color:#097e8f\">Plan de Estudio | Resoluci\u00f3n 514\/18<\/h2>\n\n\n\n<hr class=\"wp-block-separator has-text-color has-alpha-channel-opacity has-background\" style=\"background-color:#097e8f;color:#097e8f\"\/>\n\n\n\n<p><strong>Prof. de Educ. Secundaria en Lengua y Literatura<\/strong><\/p>\n\n\n\n<div class=\"wp-block-group alignwide is-layout-flow\"><div class=\"wp-block-group__inner-container\">\n<div class=\"wp-block-columns alignwide is-layout-flex wp-container-3\">\n<div class=\"wp-block-column is-layout-flow\">\n<p>&#x26a0; Para acceder al Plan de Estudio (Decreto 696\/01), hacer clic en el siguiente bot\u00f3n<\/p>\n\n\n\n<div class=\"wp-block-buttons is-layout-flex\">\n<div class=\"wp-block-button is-style-outline\"><a class=\"wp-block-button__link has-text-color wp-element-button\" href=\"https:\/\/isp4-sfe.infd.edu.ar\/sitio\/prof-de-educacion-secundaria-en-lengua-y-literatura\/\" style=\"border-radius:50px;color:#097e8f\" target=\"_blank\" rel=\"noreferrer noopener\">Plan de Estudio | Decreto 696\/01<\/a><\/div>\n<\/div>\n<\/div>\n<\/div>\n<\/div><\/div>\n\n\n\n<p class=\"has-text-color\" style=\"color:#097e8f\"><strong>Primer a\u00f1o<\/strong><\/p>\n\n\n\n<figure class=\"wp-block-table\"><table><tbody><tr><td>Pedagog\u00eda<\/td><td><\/td><\/tr><tr><td>UCCV: Movimientos Art\u00edsticos y Proyectos Culturales<\/td><td><\/td><\/tr><tr><td>Lengua Espa\u00f1ola I<\/td><td><\/td><\/tr><tr><td>Ling\u00fc\u00edstica General<\/td><td><\/td><\/tr><tr><td>Itinerario por la Literatura Argentina I<\/td><td><\/td><\/tr><tr><td>Literaturas Antiguas<\/td><td><\/td><\/tr><tr><td>Lecturas Cr\u00edticas I<\/td><td><\/td><\/tr><tr><td>Producci\u00f3n Oral y Escrita<\/td><td><\/td><\/tr><tr><td>Pr\u00e1ctica Docente I: Escenarios Educativos<\/td><td><\/td><\/tr><tr><td>Taller Integrador<\/td><td><\/td><\/tr><tr><td>UDI<\/td><td><\/td><\/tr><\/tbody><\/table><\/figure>\n\n\n\n<p class=\"has-text-color\" style=\"color:#097e8f\"><strong>Segundo a\u00f1o<\/strong><\/p>\n\n\n\n<figure class=\"wp-block-table\"><table><tbody><tr><td>Instituciones Educativas<\/td><td><\/td><\/tr><tr><td>Did\u00e1ctica y Curr\u00edculum<\/td><td><\/td><\/tr><tr><td>Psicolog\u00eda y Educaci\u00f3n<\/td><td><\/td><\/tr><tr><td>Lat\u00edn<\/td><td><\/td><\/tr><tr><td>Lengua Espa\u00f1ola II<\/td><td><\/td><\/tr><tr><td>Ling\u00fc\u00edstica del Texto y An\u00e1lisis del Discurso I<\/td><td><\/td><\/tr><tr><td>Itinerario por la Literatura Argentina II<\/td><td><\/td><\/tr><tr><td>Literaturas Medievales y Renacentistas<\/td><td><\/td><\/tr><tr><td>UCO<\/td><td><\/td><\/tr><tr><td>Pr\u00e1ctica Docente II: La Instituci\u00f3n Escolar<\/td><td><\/td><\/tr><tr><td>Taller Integrador II<\/td><td><\/td><\/tr><\/tbody><\/table><\/figure>\n\n\n\n<p class=\"has-text-color\" style=\"color:#097e8f\"><strong>Tercer a\u00f1o<\/strong><\/p>\n\n\n\n<figure class=\"wp-block-table\"><table><tbody><tr><td>UCCV: Alfabetizaci\u00f3n<\/td><td><\/td><\/tr><tr><td>Filosof\u00eda<\/td><td><\/td><\/tr><tr><td>Historia y Pol\u00edtica de la Educaci\u00f3n Argentina<\/td><td><\/td><\/tr><tr><td>Sujetos de la Educaci\u00f3n Secundaria<\/td><td><\/td><\/tr><tr><td>Ling\u00fc\u00edstica del Texto y An\u00e1lisis del Discurso II<\/td><td><\/td><\/tr><tr><td>Did\u00e1ctica de la Lengua y la Literatura I<\/td><td><\/td><\/tr><tr><td>Itinerario por la Literatura Latinoamericana I<\/td><td><\/td><\/tr><tr><td>Literaturas Modernas<\/td><td><\/td><\/tr><tr><td>Lecturas Cr\u00edticas II<\/td><td><\/td><\/tr><tr><td>Pr\u00e1ctica Docente III: la Clase, los Procesos del Aprender y del Ense\u00f1ar<\/td><td><\/td><\/tr><tr><td>Taller Integrador III<\/td><td><\/td><\/tr><\/tbody><\/table><\/figure>\n\n\n\n<p class=\"has-text-color\" style=\"color:#097e8f\"><strong>Cuarto a\u00f1o<\/strong><\/p>\n\n\n\n<figure class=\"wp-block-table\"><table><tbody><tr><td>\u00c9tica y Trabajo Docente<\/td><td><\/td><\/tr><tr><td>Educaci\u00f3n Sexual Integral (ESI)<\/td><td><\/td><\/tr><tr><td>Metodolog\u00eda y Pr\u00e1cticas de la Investigaci\u00f3n<\/td><td><\/td><\/tr><tr><td>Modelos Te\u00f3ricos Ling\u00fc\u00edsticos<\/td><td><\/td><\/tr><tr><td>Semi\u00f3tica<\/td><td><\/td><\/tr><tr><td>Cambio y Variedades Ling\u00fc\u00edsticas<\/td><td><\/td><\/tr><tr><td>Did\u00e1ctica de la Lengua y la Literatura II<\/td><td><\/td><\/tr><tr><td>Itinerario por la Literatura Latinoamericana II<\/td><td><\/td><\/tr><tr><td>Literaturas Contempor\u00e1neas<\/td><td><\/td><\/tr><tr><td>Pr\u00e1ctica Docente IV: Residencia: El Rol Docente y su Pr\u00e1ctica<\/td><td><\/td><\/tr><\/tbody><\/table><\/figure>\n","protected":false},"excerpt":{"rendered":"<p>Plan de Estudio | Resoluci\u00f3n 514\/18 Prof. de Educ. Secundaria en Lengua y Literatura &#x26a0; Para acceder al Plan de Estudio (Decreto 696\/01), hacer clic en el siguiente bot\u00f3n Primer a\u00f1o Pedagog\u00eda UCCV: Movimientos Art\u00edsticos y Proyectos Culturales Lengua Espa\u00f1ola I Ling\u00fc\u00edstica General Itinerario por la Literatura Argentina I Literaturas Antiguas Lecturas Cr\u00edticas I Producci\u00f3n &#8230; <a title=\"\" class=\"read-more\" href=\"https:\/\/isp4-sfe.infd.edu.ar\/sitio\/resolucion-514-18-prof-lengua-y-literatura\/\" aria-label=\"More on \">[+]<\/a><\/p>\n","protected":false},"author":1921,"featured_media":0,"parent":0,"menu_order":0,"comment_status":"closed","ping_status":"closed","template":"","meta":[],"acf":[],"_links":{"self":[{"href":"https:\/\/isp4-sfe.infd.edu.ar\/sitio\/wp-json\/wp\/v2\/pages\/797"}],"collection":[{"href":"https:\/\/isp4-sfe.infd.edu.ar\/sitio\/wp-json\/wp\/v2\/pages"}],"about":[{"href":"https:\/\/isp4-sfe.infd.edu.ar\/sitio\/wp-json\/wp\/v2\/types\/page"}],"author":[{"embeddable":true,"href":"https:\/\/isp4-sfe.infd.edu.ar\/sitio\/wp-json\/wp\/v2\/users\/1921"}],"replies":[{"embeddable":true,"href":"https:\/\/isp4-sfe.infd.edu.ar\/sitio\/wp-json\/wp\/v2\/comments?post=797"}],"version-history":[{"count":6,"href":"https:\/\/isp4-sfe.infd.edu.ar\/sitio\/wp-json\/wp\/v2\/pages\/797\/revisions"}],"predecessor-version":[{"id":5464,"href":"https:\/\/isp4-sfe.infd.edu.ar\/sitio\/wp-json\/wp\/v2\/pages\/797\/revisions\/5464"}],"wp:attachment":[{"href":"https:\/\/isp4-sfe.infd.edu.ar\/sitio\/wp-json\/wp\/v2\/media?parent=797"}],"curies":[{"name":"wp","href":"https:\/\/api.w.org\/{rel}","templated":true}]}}