{"id":794,"date":"2018-07-10T12:58:30","date_gmt":"2018-07-10T15:58:30","guid":{"rendered":"https:\/\/isp4-sfe.infd.edu.ar\/sitio\/?page_id=794"},"modified":"2025-08-01T21:39:38","modified_gmt":"2025-08-02T00:39:38","slug":"profesorado-de-educacion-tecnologica","status":"publish","type":"page","link":"https:\/\/isp4-sfe.infd.edu.ar\/sitio\/profesorado-de-educacion-tecnologica\/","title":{"rendered":""},"content":{"rendered":"\n<h2 class=\"wp-block-heading has-text-color\" style=\"color:#097e8f\">Plan de Estudio | Decreto 2719\/14<\/h2>\n\n\n\n<hr class=\"wp-block-separator has-text-color has-alpha-channel-opacity has-background\" style=\"background-color:#097e8f;color:#097e8f\"\/>\n\n\n\n<p><strong>Prof. de Educaci\u00f3n Tecnol\u00f3gica<\/strong><\/p>\n\n\n\n<div class=\"wp-block-group alignwide is-layout-flow\"><div class=\"wp-block-group__inner-container\">\n<div class=\"wp-block-columns alignwide is-layout-flex wp-container-3\">\n<div class=\"wp-block-column is-layout-flow\">\n<p>&#x26a0; Para acceder al Plan de Estudio (Decreto 696\/01), hacer clic en el siguiente bot\u00f3n<\/p>\n\n\n\n<div class=\"wp-block-buttons is-layout-flex\">\n<div class=\"wp-block-button is-style-outline\"><a class=\"wp-block-button__link has-text-color wp-element-button\" href=\"https:\/\/isp4-sfe.infd.edu.ar\/sitio\/prof-de-educacion-secundaria-en-tecnologia\/\" style=\"border-radius:50px;color:#097e8f\" target=\"_blank\" rel=\"noreferrer noopener\">Plan de Estudio | Decreto 696\/01<\/a><\/div>\n<\/div>\n<\/div>\n<\/div>\n<\/div><\/div>\n\n\n\n<p><strong><mark style=\"background-color:rgba(0, 0, 0, 0);color:#097e8f\" class=\"has-inline-color\">Primer a\u00f1o<\/mark><\/strong><\/p>\n\n\n\n<figure class=\"wp-block-table\"><table><tbody><tr><td>Pedagog\u00eda<\/td><td><\/td><\/tr><tr><td>Movimiento y Cuerpo<\/td><td><\/td><\/tr><tr><td>Pr\u00e1ctica Docente I: Escenarios Educativos<\/td><td><\/td><\/tr><tr><td>Taller Integrador de Primer A\u00f1o<\/td><td><\/td><\/tr><tr><td>Introducci\u00f3n a la Tecnolog\u00eda<\/td><td><\/td><\/tr><tr><td>Historia de la Tecnolog\u00eda<\/td><td><\/td><\/tr><tr><td>Trayecto de Dise\u00f1o y Producci\u00f3n Tecnol\u00f3gica<\/td><td><\/td><\/tr><tr><td>Dise\u00f1o y Producci\u00f3n Tecnol\u00f3gica I<\/td><td><\/td><\/tr><tr><td>Matem\u00e1tica<\/td><td><\/td><\/tr><tr><td>F\u00edsica<\/td><td><\/td><\/tr><\/tbody><\/table><\/figure>\n\n\n\n<p><strong><mark style=\"background-color:rgba(0, 0, 0, 0);color:#097e8f\" class=\"has-inline-color\">Segundo a\u00f1o<\/mark><\/strong><\/p>\n\n\n\n<figure class=\"wp-block-table\"><table><tbody><tr><td>Psicolog\u00eda y Educaci\u00f3n<\/td><td><\/td><\/tr><tr><td>Did\u00e1ctica y Curr\u00edculum<\/td><td><\/td><\/tr><tr><td>Instituciones Educativas<\/td><td><\/td><\/tr><tr><td>Pr\u00e1ctica docente II: La Instituci\u00f3n Escolar<\/td><td><\/td><\/tr><tr><td>Taller Integrador de Segundo A\u00f1o<\/td><td><\/td><\/tr><tr><td>Sujetos de la Educaci\u00f3n I<\/td><td><\/td><\/tr><tr><td>TICs. para la Ense\u00f1anza<\/td><td><\/td><\/tr><tr><td>Procesos Productivos<\/td><td><\/td><\/tr><tr><td>Dise\u00f1o y Producci\u00f3n Tecnol\u00f3gica II<\/td><td><\/td><\/tr><tr><td>Did\u00e1ctica Espec\u00edfica I<\/td><td><\/td><\/tr><\/tbody><\/table><\/figure>\n\n\n\n<p><strong><mark style=\"background-color:rgba(0, 0, 0, 0);color:#097e8f\" class=\"has-inline-color\">Tercer a\u00f1o<\/mark><\/strong><\/p>\n\n\n\n<figure class=\"wp-block-table\"><table><tbody><tr><td>Filosof\u00eda y Educaci\u00f3n<\/td><td><\/td><\/tr><tr><td>Historia Social de la Educaci\u00f3n<\/td><td><\/td><\/tr><tr><td>Metodolog\u00eda de la Investigaci\u00f3n<\/td><td><\/td><\/tr><tr><td>Pr\u00e1ctica Docente III. La Clase<\/td><td><\/td><\/tr><tr><td>Taller Integrador de Tercer A\u00f1o<\/td><td><\/td><\/tr><tr><td>Sujetos de la Educaci\u00f3n II<\/td><td><\/td><\/tr><tr><td>Materiales<\/td><td><\/td><\/tr><tr><td>Qu\u00edmica<\/td><td><\/td><\/tr><tr><td>Procesos de Control<\/td><td><\/td><\/tr><tr><td>Tecnolog\u00edas Regionales<\/td><td><\/td><\/tr><tr><td>Dise\u00f1o y Producci\u00f3n Tecnol\u00f3gica III<\/td><td><\/td><\/tr><tr><td>Did\u00e1ctica Espec\u00edfica II<\/td><td><\/td><\/tr><\/tbody><\/table><\/figure>\n\n\n\n<p><strong><mark style=\"background-color:rgba(0, 0, 0, 0);color:#097e8f\" class=\"has-inline-color\">Cuarto a\u00f1o<\/mark><\/strong><\/p>\n\n\n\n<figure class=\"wp-block-table\"><table><tbody><tr><td>\u00c9tica y Trabajo Docente<\/td><td><\/td><\/tr><tr><td>Educaci\u00f3n Sexual Integral<\/td><td><\/td><\/tr><tr><td>Unidades de Definici\u00f3n Institucional I y II<\/td><td><\/td><\/tr><tr><td>Pr\u00e1cticas de Investigaci\u00f3n<\/td><td><\/td><\/tr><tr><td>Pr\u00e1ctica Docente IV&nbsp; Residencia: El Rol Docente y Su Pr\u00e1ctica<\/td><td><\/td><\/tr><tr><td>Taller Integrador de Cuarto A\u00f1o<\/td><td><\/td><\/tr><tr><td>Biotecnolog\u00eda<\/td><td><\/td><\/tr><tr><td>Procesos de Comunicaci\u00f3n<\/td><td><\/td><\/tr><tr><td>Problem\u00e1ticas Sociot\u00e9cnicas<\/td><td><\/td><\/tr><tr><td>Dise\u00f1o y Producci\u00f3n Tecnol\u00f3gica IV<\/td><td><\/td><\/tr><tr><td>Taller de Producci\u00f3n Did\u00e1ctica<\/td><td><\/td><\/tr><\/tbody><\/table><\/figure>\n\n\n\n<p><span style=\"font-size: 10pt;\">&nbsp;<\/span><\/p>\n\n\n\n<p><span style=\"font-size: 10pt;\">&nbsp;<\/span><\/p>\n","protected":false},"excerpt":{"rendered":"<p>Plan de Estudio | Decreto 2719\/14 Prof. de Educaci\u00f3n Tecnol\u00f3gica &#x26a0; Para acceder al Plan de Estudio (Decreto 696\/01), hacer clic en el siguiente bot\u00f3n Primer a\u00f1o Pedagog\u00eda Movimiento y Cuerpo Pr\u00e1ctica Docente I: Escenarios Educativos Taller Integrador de Primer A\u00f1o Introducci\u00f3n a la Tecnolog\u00eda Historia de la Tecnolog\u00eda Trayecto de Dise\u00f1o y Producci\u00f3n Tecnol\u00f3gica &#8230; <a title=\"\" class=\"read-more\" href=\"https:\/\/isp4-sfe.infd.edu.ar\/sitio\/profesorado-de-educacion-tecnologica\/\" aria-label=\"More on \">[+]<\/a><\/p>\n","protected":false},"author":1921,"featured_media":0,"parent":0,"menu_order":0,"comment_status":"closed","ping_status":"closed","template":"","meta":[],"acf":[],"_links":{"self":[{"href":"https:\/\/isp4-sfe.infd.edu.ar\/sitio\/wp-json\/wp\/v2\/pages\/794"}],"collection":[{"href":"https:\/\/isp4-sfe.infd.edu.ar\/sitio\/wp-json\/wp\/v2\/pages"}],"about":[{"href":"https:\/\/isp4-sfe.infd.edu.ar\/sitio\/wp-json\/wp\/v2\/types\/page"}],"author":[{"embeddable":true,"href":"https:\/\/isp4-sfe.infd.edu.ar\/sitio\/wp-json\/wp\/v2\/users\/1921"}],"replies":[{"embeddable":true,"href":"https:\/\/isp4-sfe.infd.edu.ar\/sitio\/wp-json\/wp\/v2\/comments?post=794"}],"version-history":[{"count":6,"href":"https:\/\/isp4-sfe.infd.edu.ar\/sitio\/wp-json\/wp\/v2\/pages\/794\/revisions"}],"predecessor-version":[{"id":5451,"href":"https:\/\/isp4-sfe.infd.edu.ar\/sitio\/wp-json\/wp\/v2\/pages\/794\/revisions\/5451"}],"wp:attachment":[{"href":"https:\/\/isp4-sfe.infd.edu.ar\/sitio\/wp-json\/wp\/v2\/media?parent=794"}],"curies":[{"name":"wp","href":"https:\/\/api.w.org\/{rel}","templated":true}]}}