{"id":785,"date":"2018-07-10T12:58:30","date_gmt":"2018-07-10T15:58:30","guid":{"rendered":"https:\/\/isp4-sfe.infd.edu.ar\/sitio\/?page_id=785"},"modified":"2025-08-01T12:42:24","modified_gmt":"2025-08-01T15:42:24","slug":"prof-de-educacion-secundaria-en-tecnologia","status":"publish","type":"page","link":"https:\/\/isp4-sfe.infd.edu.ar\/sitio\/prof-de-educacion-secundaria-en-tecnologia\/","title":{"rendered":""},"content":{"rendered":"\n<h2 class=\"wp-block-heading has-text-color\" style=\"color:#097e8f\">Plan de Estudio | Decreto 696\/01<\/h2>\n\n\n\n<hr class=\"wp-block-separator has-text-color has-alpha-channel-opacity has-background\" style=\"background-color:#097e8f;color:#097e8f\"\/>\n\n\n\n<p><strong>Prof. de Educaci\u00f3n Secundaria en Tecnolog\u00eda<\/strong><\/p>\n\n\n\n<p class=\"has-text-color\" style=\"color:#097e8f\"><strong>Primer a\u00f1o<\/strong><\/p>\n\n\n\n<figure class=\"wp-block-table\"><table><tbody><tr><td>Pedagog\u00eda<\/td><td><\/td><\/tr><tr><td>Teor\u00eda del Curriculum y Did\u00e1ctica<\/td><td><\/td><\/tr><tr><td>Psicolog\u00eda Educativa<\/td><td><\/td><\/tr><tr><td>Matem\u00e1tica I (Algebra y Geom\u00e9trica)<\/td><td><\/td><\/tr><tr><td>Matem\u00e1tica II (An\u00e1lisis Matem\u00e1tico)<\/td><td><\/td><\/tr><tr><td>Seminario de Introducci\u00f3n a la Tecnolog\u00eda<\/td><td><\/td><\/tr><tr><td>Teor\u00eda y Sociolog\u00eda de las Organizaciones<\/td><td><\/td><\/tr><tr><td>Trayecto de Pr\u00e1ctica: Taller Doc. I<\/td><td><\/td><\/tr><\/tbody><\/table><\/figure>\n\n\n\n<p class=\"has-text-color\" style=\"color:#097e8f\"><strong>Segundo a\u00f1o<\/strong><\/p>\n\n\n\n<figure class=\"wp-block-table\"><table><tbody><tr><td>Pol\u00edtica e Historia Educativa Argentina<\/td><td><\/td><\/tr><tr><td>Organizaci\u00f3n y Gesti\u00f3n Institucional<\/td><td><\/td><\/tr><tr><td>Psicolog\u00eda y Cultura del Alumno<\/td><td><\/td><\/tr><tr><td>Matem\u00e1tica III (Estad\u00edstica)<\/td><td><\/td><\/tr><tr><td>Qu\u00edmica<\/td><td><\/td><\/tr><tr><td>F\u00edsica I<\/td><td><\/td><\/tr><tr><td>F\u00edsica II<\/td><td><\/td><\/tr><tr><td>Taller de Dise\u00f1o y Tecnolog\u00eda I<\/td><td><\/td><\/tr><tr><td>Taller de Inform\u00e1tica<\/td><td><\/td><\/tr><tr><td>Trayecto de Pr\u00e1ctica: Taller de Doc. II<\/td><td><\/td><\/tr><\/tbody><\/table><\/figure>\n\n\n\n<p class=\"has-text-color\" style=\"color:#097e8f\"><strong>Tercer a\u00f1o<\/strong><\/p>\n\n\n\n<figure class=\"wp-block-table\"><table><tbody><tr><td>Filosof\u00eda<\/td><td><\/td><\/tr><tr><td>Tecnolog\u00eda de los materiales<\/td><td><\/td><\/tr><tr><td>Biolog\u00eda<\/td><td><\/td><\/tr><tr><td>Sistemas Productivos<\/td><td><\/td><\/tr><tr><td>Econom\u00eda<\/td><td><\/td><\/tr><tr><td>Taller de Dise\u00f1o y Tecnolog\u00eda II<\/td><td><\/td><\/tr><tr><td>Did\u00e1ctica Espec\u00edfica<\/td><td><\/td><\/tr><tr><td>Espacio de definici\u00f3n Institucional I<\/td><td><\/td><\/tr><tr><td>Trayecto de Pr\u00e1ctica: Taller de Doc. III<\/td><td><\/td><\/tr><\/tbody><\/table><\/figure>\n\n\n\n<p class=\"has-text-color\" style=\"color:#097e8f\"><strong>Cuarto a\u00f1o<\/strong><\/p>\n\n\n\n<figure class=\"wp-block-table\"><table><tbody><tr><td>\u00c9tica Profesional<\/td><td><\/td><\/tr><tr><td>Epistemolog\u00eda de la Tecnolog\u00eda<\/td><td><\/td><\/tr><tr><td>Taller de Dise\u00f1o y Tecnolog\u00eda III<\/td><td><\/td><\/tr><tr><td>Tecnolog\u00eda, Historia y Sociedad<\/td><td><\/td><\/tr><tr><td>Espacio de Definici\u00f3n Institucional II<\/td><td><\/td><\/tr><tr><td>Espacio Curricular Opcional<\/td><td><\/td><\/tr><tr><td>Trayecto de Pr\u00e1ctica: Seminario Integraci\u00f3n S\u00edntesis<\/td><td><\/td><\/tr><tr><td>Trayecto de Pr\u00e1ctica: Taller de Docencia IV<\/td><td><\/td><\/tr><\/tbody><\/table><\/figure>\n","protected":false},"excerpt":{"rendered":"<p>Plan de Estudio | Decreto 696\/01 Prof. de Educaci\u00f3n Secundaria en Tecnolog\u00eda Primer a\u00f1o Pedagog\u00eda Teor\u00eda del Curriculum y Did\u00e1ctica Psicolog\u00eda Educativa Matem\u00e1tica I (Algebra y Geom\u00e9trica) Matem\u00e1tica II (An\u00e1lisis Matem\u00e1tico) Seminario de Introducci\u00f3n a la Tecnolog\u00eda Teor\u00eda y Sociolog\u00eda de las Organizaciones Trayecto de Pr\u00e1ctica: Taller Doc. I Segundo a\u00f1o Pol\u00edtica e Historia Educativa &#8230; <a title=\"\" class=\"read-more\" href=\"https:\/\/isp4-sfe.infd.edu.ar\/sitio\/prof-de-educacion-secundaria-en-tecnologia\/\" aria-label=\"More on \">[+]<\/a><\/p>\n","protected":false},"author":1921,"featured_media":0,"parent":0,"menu_order":0,"comment_status":"closed","ping_status":"closed","template":"","meta":[],"acf":[],"_links":{"self":[{"href":"https:\/\/isp4-sfe.infd.edu.ar\/sitio\/wp-json\/wp\/v2\/pages\/785"}],"collection":[{"href":"https:\/\/isp4-sfe.infd.edu.ar\/sitio\/wp-json\/wp\/v2\/pages"}],"about":[{"href":"https:\/\/isp4-sfe.infd.edu.ar\/sitio\/wp-json\/wp\/v2\/types\/page"}],"author":[{"embeddable":true,"href":"https:\/\/isp4-sfe.infd.edu.ar\/sitio\/wp-json\/wp\/v2\/users\/1921"}],"replies":[{"embeddable":true,"href":"https:\/\/isp4-sfe.infd.edu.ar\/sitio\/wp-json\/wp\/v2\/comments?post=785"}],"version-history":[{"count":3,"href":"https:\/\/isp4-sfe.infd.edu.ar\/sitio\/wp-json\/wp\/v2\/pages\/785\/revisions"}],"predecessor-version":[{"id":5418,"href":"https:\/\/isp4-sfe.infd.edu.ar\/sitio\/wp-json\/wp\/v2\/pages\/785\/revisions\/5418"}],"wp:attachment":[{"href":"https:\/\/isp4-sfe.infd.edu.ar\/sitio\/wp-json\/wp\/v2\/media?parent=785"}],"curies":[{"name":"wp","href":"https:\/\/api.w.org\/{rel}","templated":true}]}}