{"id":780,"date":"2018-07-10T12:58:30","date_gmt":"2018-07-10T15:58:30","guid":{"rendered":"https:\/\/isp4-sfe.infd.edu.ar\/sitio\/?page_id=780"},"modified":"2025-08-01T22:02:54","modified_gmt":"2025-08-02T01:02:54","slug":"prof-de-educacion-secundaria-en-historia","status":"publish","type":"page","link":"https:\/\/isp4-sfe.infd.edu.ar\/sitio\/prof-de-educacion-secundaria-en-historia\/","title":{"rendered":""},"content":{"rendered":"\n<h2 class=\"wp-block-heading has-text-color\" style=\"color:#097e8f\">Plan de Estudio | Decreto 696\/01<\/h2>\n\n\n\n<hr class=\"wp-block-separator has-text-color has-alpha-channel-opacity has-background\" style=\"background-color:#097e8f;color:#097e8f\"\/>\n\n\n\n<p><strong>Prof. de Educaci\u00f3n Secundaria en Historia<\/strong><\/p>\n\n\n\n<p class=\"has-text-color\" style=\"color:#097e8f\"><strong>Primer a\u00f1o<\/strong><\/p>\n\n\n\n<figure class=\"wp-block-table\"><table><tbody><tr><td>Pedagog\u00eda<\/td><td><\/td><\/tr><tr><td>Teor\u00eda del Curr\u00edculo y Did\u00e1ctica<\/td><td><\/td><\/tr><tr><td>Psicolog\u00eda Educativa<\/td><td><\/td><\/tr><tr><td>Introducci\u00f3n al Conocimiento Hist\u00f3rico<\/td><td><\/td><\/tr><tr><td>Introducci\u00f3n al Conocimiento Geogr\u00e1fico<\/td><td><\/td><\/tr><tr><td>Fundamento Antropolog\u00eda y Sociolog\u00eda<\/td><td><\/td><\/tr><tr><td>Historia Mundial I<\/td><td><\/td><\/tr><tr><td>Taller Docencia I<\/td><td><\/td><\/tr><\/tbody><\/table><\/figure>\n\n\n\n<p class=\"has-text-color\" style=\"color:#097e8f\"><strong>Segundo a\u00f1o<\/strong><\/p>\n\n\n\n<figure class=\"wp-block-table\"><table><tbody><tr><td>Pol\u00edtica e Historia educativa argentina 1\u00baC<\/td><td><\/td><\/tr><tr><td>Organizaci\u00f3n y gesti\u00f3n Institucional 2\u00baC<\/td><td><\/td><\/tr><tr><td>Psicolog\u00eda y Cultura del alumno<\/td><td><\/td><\/tr><tr><td>Fundamento de Cs Pol\u00edticas y de Econom\u00eda<\/td><td><\/td><\/tr><tr><td>Historia Mundial II<\/td><td><\/td><\/tr><tr><td>Historia Americana I<\/td><td><\/td><\/tr><tr><td>Geograf\u00eda Americana y Argentina<\/td><td><\/td><\/tr><tr><td>Did\u00e1ctica Espec\u00edfica de las Cs Sociales y de la Historia<\/td><td><\/td><\/tr><tr><td>Trayecto de Pr\u00e1ctica: Taller Docencia II<\/td><td><\/td><\/tr><\/tbody><\/table><\/figure>\n\n\n\n<p class=\"has-text-color\" style=\"color:#097e8f\"><strong>Tercer a\u00f1o<\/strong><\/p>\n\n\n\n<figure class=\"wp-block-table\"><table><tbody><tr><td>Filosof\u00eda<\/td><td><\/td><\/tr><tr><td>Metodolog\u00eda de la Investigaci\u00f3n .Hist\u00f3rica<\/td><td><\/td><\/tr><tr><td>Historia Mundial III<\/td><td><\/td><\/tr><tr><td>Historia Americana II<\/td><td><\/td><\/tr><tr><td>Historia Argentina I<\/td><td><\/td><\/tr><tr><td>Taller de Integraci\u00f3n Areal<\/td><td><\/td><\/tr><tr><td>Espacio Curricular Opcional<\/td><td><\/td><\/tr><tr><td>Trayecto de Pr\u00e1ctica: Taller Docencia III<\/td><td><\/td><\/tr><\/tbody><\/table><\/figure>\n\n\n\n<p class=\"has-text-color\" style=\"color:#097e8f\"><strong>Cuarto a\u00f1o<\/strong><\/p>\n\n\n\n<figure class=\"wp-block-table\"><table><tbody><tr><td>Historia Mundial IV<\/td><td><\/td><\/tr><tr><td>Historia Contempor\u00e1nea: Asia y \u00c1frica<\/td><td><\/td><\/tr><tr><td>Historia Argentina II<\/td><td><\/td><\/tr><tr><td>Teor\u00eda e Historia de la Historiograf\u00eda<\/td><td><\/td><\/tr><tr><td>E.D.I.<\/td><td><\/td><\/tr><tr><td>\u00c9tica Profesional<\/td><td><\/td><\/tr><tr><td>Trayecto de Pr\u00e1ctica: Seminario Integraci\u00f3n y S\u00edntesis<\/td><td><\/td><\/tr><tr><td>Trayecto de Pr\u00e1ctica: Taller Docencia IV<\/td><td><\/td><\/tr><\/tbody><\/table><\/figure>\n","protected":false},"excerpt":{"rendered":"<p>Plan de Estudio | Decreto 696\/01 Prof. de Educaci\u00f3n Secundaria en Historia Primer a\u00f1o Pedagog\u00eda Teor\u00eda del Curr\u00edculo y Did\u00e1ctica Psicolog\u00eda Educativa Introducci\u00f3n al Conocimiento Hist\u00f3rico Introducci\u00f3n al Conocimiento Geogr\u00e1fico Fundamento Antropolog\u00eda y Sociolog\u00eda Historia Mundial I Taller Docencia I Segundo a\u00f1o Pol\u00edtica e Historia educativa argentina 1\u00baC Organizaci\u00f3n y gesti\u00f3n Institucional 2\u00baC Psicolog\u00eda y &#8230; <a title=\"\" class=\"read-more\" href=\"https:\/\/isp4-sfe.infd.edu.ar\/sitio\/prof-de-educacion-secundaria-en-historia\/\" aria-label=\"More on \">[+]<\/a><\/p>\n","protected":false},"author":1921,"featured_media":0,"parent":0,"menu_order":0,"comment_status":"closed","ping_status":"closed","template":"","meta":[],"acf":[],"_links":{"self":[{"href":"https:\/\/isp4-sfe.infd.edu.ar\/sitio\/wp-json\/wp\/v2\/pages\/780"}],"collection":[{"href":"https:\/\/isp4-sfe.infd.edu.ar\/sitio\/wp-json\/wp\/v2\/pages"}],"about":[{"href":"https:\/\/isp4-sfe.infd.edu.ar\/sitio\/wp-json\/wp\/v2\/types\/page"}],"author":[{"embeddable":true,"href":"https:\/\/isp4-sfe.infd.edu.ar\/sitio\/wp-json\/wp\/v2\/users\/1921"}],"replies":[{"embeddable":true,"href":"https:\/\/isp4-sfe.infd.edu.ar\/sitio\/wp-json\/wp\/v2\/comments?post=780"}],"version-history":[{"count":3,"href":"https:\/\/isp4-sfe.infd.edu.ar\/sitio\/wp-json\/wp\/v2\/pages\/780\/revisions"}],"predecessor-version":[{"id":5455,"href":"https:\/\/isp4-sfe.infd.edu.ar\/sitio\/wp-json\/wp\/v2\/pages\/780\/revisions\/5455"}],"wp:attachment":[{"href":"https:\/\/isp4-sfe.infd.edu.ar\/sitio\/wp-json\/wp\/v2\/media?parent=780"}],"curies":[{"name":"wp","href":"https:\/\/api.w.org\/{rel}","templated":true}]}}