{"id":776,"date":"2018-07-10T12:58:30","date_gmt":"2018-07-10T15:58:30","guid":{"rendered":"https:\/\/isp4-sfe.infd.edu.ar\/sitio\/?page_id=776"},"modified":"2025-08-01T21:20:18","modified_gmt":"2025-08-02T00:20:18","slug":"prof-de-educ-inicial-primaria-y-sec-de-educ-fisica","status":"publish","type":"page","link":"https:\/\/isp4-sfe.infd.edu.ar\/sitio\/prof-de-educ-inicial-primaria-y-sec-de-educ-fisica\/","title":{"rendered":""},"content":{"rendered":"\n<h2 class=\"wp-block-heading has-text-color\" style=\"color:#097e8f\">Plan de Estudio<\/h2>\n\n\n\n<hr class=\"wp-block-separator has-text-color has-alpha-channel-opacity has-background\" style=\"background-color:#097e8f;color:#097e8f\"\/>\n\n\n\n<p><strong>Prof. de Educ. Inicial, Primaria y Secundaria de Educaci\u00f3n F\u00edsica<\/strong><\/p>\n\n\n\n<figure class=\"wp-block-table\"><table><tbody><tr><td><strong><mark style=\"background-color:rgba(0, 0, 0, 0);color:#097e8f\" class=\"has-inline-color\">PRIMER A\u00d1O<\/mark><\/strong><\/td><\/tr><tr><td>Formaci\u00f3n Motriz I <\/td><td>Recreaci\u00f3n <\/td><td><\/td><\/tr><tr><td> &nbsp; <\/td><td>Expresi\u00f3n Corporal <\/td><td><\/td><\/tr><tr><td> &nbsp; <\/td><td>Construcci\u00f3n del Movimiento <\/td><td><\/td><\/tr><tr><td>Fundamento Anato-Fisiol\u00f3gico <\/td><td>Anatom\u00eda <\/td><td><\/td><\/tr><tr><td> &nbsp; <\/td><td>Fisiolog\u00eda <\/td><td><\/td><\/tr><tr><td>Deportes Abiertos de Gimnasio I <\/td><td>Cestoball <\/td><td><\/td><\/tr><tr><td> &nbsp; <\/td><td>Basketball <\/td><td><\/td><\/tr><tr><td> &nbsp; <\/td><td>V\u00f3leibol <\/td><td><\/td><\/tr><tr><td>Deporte Abierto de Campo I <\/td><td>F\u00fatbol <\/td><td><\/td><\/tr><tr><td> &nbsp; <\/td><td>Rugby <\/td><td><\/td><\/tr><tr><td> &nbsp; <\/td><td>Hockey <\/td><td><\/td><\/tr><tr><td>Deporte Cerrado I <\/td><td>Nataci\u00f3n <\/td><td><\/td><\/tr><tr><td> &nbsp; <\/td><td>Atletismo <\/td><td><\/td><\/tr><tr><td> &nbsp; <\/td><td>Gimnasia <\/td><td><\/td><\/tr><tr><td>Pedagog\u00eda <\/td><td> &nbsp; <\/td><td><\/td><\/tr><tr><td>Filosof\u00eda <\/td><td> &nbsp; <\/td><td><\/td><\/tr><tr><td>Trayecto de Practica I <\/td><td> &nbsp; <\/td><td><\/td><\/tr><tr><td><br><strong><span style=\"color:#097e8f\" class=\"has-inline-color\">SEGUNDO A\u00d1O<\/span><\/strong><\/td><\/tr><tr><td>Formaci\u00f3n Motriz II <\/td><td>Vida en la Naturaleza <\/td><td><\/td><\/tr><tr><td> &nbsp; <\/td><td>Construcci\u00f3n del Movimiento <\/td><td><\/td><\/tr><tr><td> &nbsp;<span style=\"font-size: inherit; font-family: inherit; font-weight: inherit;\"> <\/span><\/td><td>Recreaci\u00f3n <\/td><td><\/td><\/tr><tr><td>Fundamento Anato-Fisiol\u00f3gico <\/td><td>An\u00e1lisis del Movimiento <\/td><td><\/td><\/tr><tr><td> &nbsp; <\/td><td>Educaci\u00f3n Sanitaria y Primeros Auxilio <\/td><td><\/td><\/tr><tr><td>Deporte Abierto de Gimnasio II <\/td><td>V\u00f3leibol <\/td><td><\/td><\/tr><tr><td> &nbsp; <\/td><td>B\u00e1sketball <\/td><td><\/td><\/tr><tr><td> &nbsp; <\/td><td>Handball <\/td><td><\/td><\/tr><tr><td>Deporte Abierto de Campo II <\/td><td>S\u00f3ftbol <\/td><td><\/td><\/tr><tr><td> &nbsp; <\/td><td>Rugby <\/td><td><\/td><\/tr><tr><td>  <\/td><td>Hockey <\/td><td><\/td><\/tr><tr><td>Deportes Cerrados II <\/td><td>Atletismo <\/td><td><\/td><\/tr><tr><td> &nbsp;<\/td><td>Gimnasia <\/td><td><\/td><\/tr><tr><td> &nbsp; <\/td><td>Nataci\u00f3n <\/td><td><\/td><\/tr><tr><td>Psicolog\u00eda y Cultura del Ni\u00f1o <\/td><td> &nbsp; <\/td><td><\/td><\/tr><tr><td>Teor\u00eda del Curriculum <\/td><td> &nbsp; <\/td><td><\/td><\/tr><tr><td>Trayecto de Pr\u00e1ctica II <\/td><td>  <\/td><td><\/td><\/tr><tr><td> <br><strong><mark style=\"background-color:rgba(0, 0, 0, 0);color:#097e8f\" class=\"has-inline-color\">TERCER A\u00d1<\/mark><\/strong>O<\/td><\/tr><tr><td>Formaci\u00f3n Motriz III <\/td><td>Educaci\u00f3n R\u00edtmica <\/td><td><\/td><\/tr><tr><td> &nbsp; <\/td><td>Problem\u00e1tica del Tiempo Libre <\/td><td><\/td><\/tr><tr><td> &nbsp;<span style=\"font-size: inherit; font-family: inherit; font-weight: inherit;\"> <\/span><\/td><td>Expresi\u00f3n Corporal <\/td><td><\/td><\/tr><tr><td>Fundamento Anato-Fisiol\u00f3gico <\/td><td>Evaluaci\u00f3n <\/td><td><\/td><\/tr><tr><td>  <\/td><td>Fisiolog\u00eda <\/td><td><\/td><\/tr><tr><td> &nbsp; <\/td><td>Entrenamiento <\/td><td><\/td><\/tr><tr><td>Deporte Abierto de Gimnasia III <\/td><td>Basquetbol <\/td><td><\/td><\/tr><tr><td>  <\/td><td>V\u00f3leibol<\/td><td><\/td><\/tr><tr><td> &nbsp;<span style=\"font-size: inherit; font-family: inherit; font-weight: inherit;\"> <\/span><\/td><td>Handball <\/td><td><\/td><\/tr><tr><td>Deporte Abierto de Campo III <\/td><td>S\u00f3ftbol <\/td><td><\/td><\/tr><tr><td> &nbsp; <\/td><td>F\u00fatbol <\/td><td><\/td><\/tr><tr><td>Deportes Cerrados III <\/td><td>Gimnasia <\/td><td><\/td><\/tr><tr><td> &nbsp; <\/td><td> Nataci\u00f3n <\/td><td><\/td><\/tr><tr><td> &nbsp; <\/td><td> Atletismo <\/td><td><\/td><\/tr><tr><td>Psicolog\u00eda y Cultura del Adulto y la Tercera Edad <\/td><td> &nbsp; <\/td><td><\/td><\/tr><tr><td>Organizaci\u00f3n y Gesti\u00f3n Institucional <\/td><td> <span style=\"font-size: inherit; font-family: inherit; font-weight: inherit;\"> <\/span><\/td><td><\/td><\/tr><tr><td>Trayecto de Pr\u00e1ctica III <\/td><td>  <\/td><td><\/td><\/tr><tr><td><br><strong><mark style=\"background-color:rgba(0, 0, 0, 0);color:#097e8f\" class=\"has-inline-color\">CUARTO A\u00d1O<\/mark><\/strong><\/td><\/tr><tr><td>\u00c9tica Profesional <\/td><td>  <\/td><td><\/td><\/tr><tr><td>Historia Pol\u00edtica y Educativa Argentina <\/td><td> <\/td><td><\/td><\/tr><tr><td>Sociolog\u00eda <\/td><td> &nbsp; <\/td><td><\/td><\/tr><tr><td>Trayecto&nbsp; de Practica Seminario Integraci\u00f3n&nbsp; y S\u00edntesis <\/td><\/tr><tr><td>EDI <\/td><td>Gesti\u00f3n <\/td><td><\/td><\/tr><tr><td>  <\/td><td>Entrenamiento <\/td><td><\/td><\/tr><tr><td>ECO <\/td><td>Fitness<\/td><td><\/td><\/tr><tr><td> &nbsp; <\/td><td>Tenis <\/td><td><\/td><\/tr><\/tbody><\/table><\/figure>\n","protected":false},"excerpt":{"rendered":"<p>Plan de Estudio Prof. de Educ. Inicial, Primaria y Secundaria de Educaci\u00f3n F\u00edsica PRIMER A\u00d1O Formaci\u00f3n Motriz I Recreaci\u00f3n &nbsp; Expresi\u00f3n Corporal &nbsp; Construcci\u00f3n del Movimiento Fundamento Anato-Fisiol\u00f3gico Anatom\u00eda &nbsp; Fisiolog\u00eda Deportes Abiertos de Gimnasio I Cestoball &nbsp; Basketball &nbsp; V\u00f3leibol Deporte Abierto de Campo I F\u00fatbol &nbsp; Rugby &nbsp; Hockey Deporte Cerrado I Nataci\u00f3n &#8230; <a title=\"\" class=\"read-more\" href=\"https:\/\/isp4-sfe.infd.edu.ar\/sitio\/prof-de-educ-inicial-primaria-y-sec-de-educ-fisica\/\" aria-label=\"More on \">[+]<\/a><\/p>\n","protected":false},"author":1921,"featured_media":0,"parent":0,"menu_order":0,"comment_status":"closed","ping_status":"closed","template":"","meta":[],"acf":[],"_links":{"self":[{"href":"https:\/\/isp4-sfe.infd.edu.ar\/sitio\/wp-json\/wp\/v2\/pages\/776"}],"collection":[{"href":"https:\/\/isp4-sfe.infd.edu.ar\/sitio\/wp-json\/wp\/v2\/pages"}],"about":[{"href":"https:\/\/isp4-sfe.infd.edu.ar\/sitio\/wp-json\/wp\/v2\/types\/page"}],"author":[{"embeddable":true,"href":"https:\/\/isp4-sfe.infd.edu.ar\/sitio\/wp-json\/wp\/v2\/users\/1921"}],"replies":[{"embeddable":true,"href":"https:\/\/isp4-sfe.infd.edu.ar\/sitio\/wp-json\/wp\/v2\/comments?post=776"}],"version-history":[{"count":5,"href":"https:\/\/isp4-sfe.infd.edu.ar\/sitio\/wp-json\/wp\/v2\/pages\/776\/revisions"}],"predecessor-version":[{"id":5447,"href":"https:\/\/isp4-sfe.infd.edu.ar\/sitio\/wp-json\/wp\/v2\/pages\/776\/revisions\/5447"}],"wp:attachment":[{"href":"https:\/\/isp4-sfe.infd.edu.ar\/sitio\/wp-json\/wp\/v2\/media?parent=776"}],"curies":[{"name":"wp","href":"https:\/\/api.w.org\/{rel}","templated":true}]}}