{"id":774,"date":"2018-07-10T12:58:29","date_gmt":"2018-07-10T15:58:29","guid":{"rendered":"https:\/\/isp4-sfe.infd.edu.ar\/sitio\/?page_id=774"},"modified":"2025-07-31T13:45:07","modified_gmt":"2025-07-31T16:45:07","slug":"prof-de-educ-sec-en-biologia","status":"publish","type":"page","link":"https:\/\/isp4-sfe.infd.edu.ar\/sitio\/prof-de-educ-sec-en-biologia\/","title":{"rendered":""},"content":{"rendered":"\n<h2 class=\"wp-block-heading\"><strong><mark style=\"background-color:rgba(0, 0, 0, 0);color:#097e8f\" class=\"has-inline-color\">Plan de Estudio | Decreto 696\/01<\/mark><\/strong><\/h2>\n\n\n\n<hr class=\"wp-block-separator has-text-color has-alpha-channel-opacity has-background\" style=\"background-color:#097e8f;color:#097e8f\"\/>\n\n\n\n<p><strong>Prof. de Educ. Secundaria en Biolog\u00eda<\/strong><\/p>\n\n\n\n<p class=\"has-text-color\" style=\"color:#097e8f\"><strong>Primer a\u00f1o<\/strong><\/p>\n\n\n\n<figure class=\"wp-block-table\"><table><tbody><tr><td>Pedagog\u00eda<\/td><\/tr><tr><td>Teor\u00eda del Curr\u00edculo y Did\u00e1ctica<\/td><\/tr><tr><td>Psicolog\u00eda Educativa<\/td><\/tr><tr><td>Matem\u00e1tica<\/td><\/tr><tr><td>F\u00edsica General y Biol\u00f3gica<\/td><\/tr><tr><td>Qu\u00edmica General y Biol\u00f3gica<\/td><\/tr><tr><td>Biolog\u00eda I<\/td><\/tr><tr><td>Taller Docencia I<\/td><\/tr><\/tbody><\/table><\/figure>\n\n\n\n<p class=\"has-text-color\" style=\"color:#097e8f\"><strong>Segundo a\u00f1o<\/strong><\/p>\n\n\n\n<figure class=\"wp-block-table\"><table><tbody><tr><td>Gen\u00e9tica<\/td><td><\/td><\/tr><tr><td>Microbiolog\u00eda y Micolog\u00eda<\/td><td><\/td><\/tr><tr><td>Biolog\u00eda II (Integraci\u00f3n Ind.)<\/td><td><\/td><\/tr><tr><td>Espacio Curricular Opcional<\/td><td><\/td><\/tr><tr><td>Geolog\u00eda<\/td><td><\/td><\/tr><tr><td>Psicolog\u00eda y Cultura del Alumno<\/td><td><\/td><\/tr><tr><td>Pol\u00edtica\u00a0 e Historia de la Educ.Arg.1\u00baC<\/td><td><\/td><\/tr><tr><td>Organizaci\u00f3n y Gesti\u00f3n Institucional 2\u00baC<\/td><td><\/td><\/tr><tr><td>Trayecto Pr\u00e1ctica: Taller Docente II<\/td><td><\/td><\/tr><\/tbody><\/table><\/figure>\n\n\n\n<p class=\"has-text-color\" style=\"color:#097e8f\"><strong>Tercer a\u00f1o<\/strong><\/p>\n\n\n\n<figure class=\"wp-block-table\"><table><tbody><tr><td>Filosof\u00eda<\/td><td><\/td><\/tr><tr><td>Biolog\u00eda Animal<\/td><td><\/td><\/tr><tr><td>Biolog\u00eda Vegetal<\/td><td><\/td><\/tr><tr><td>Biolog\u00eda Humana<\/td><td><\/td><\/tr><tr><td>Ecolog\u00eda y Gen\u00e9tica Poblacional<\/td><td><\/td><\/tr><tr><td>Taller de Integraci\u00f3n Areal<\/td><td><\/td><\/tr><tr><td>Bioestad\u00edstica<\/td><td><\/td><\/tr><tr><td>Did\u00e1ctica \u00a0Espec\u00edfica De las Cs Naturales y de la Biolog\u00eda<\/td><td><\/td><\/tr><tr><td>Trayecto de Pr\u00e1ctica: Taller Docencia III<\/td><td><\/td><\/tr><\/tbody><\/table><\/figure>\n\n\n\n<p class=\"has-text-color\" style=\"color:#097e8f\"><strong>Cuarto a\u00f1o<\/strong><\/p>\n\n\n\n<figure class=\"wp-block-table\"><table><tbody><tr><td>\u00c9tica Profesional<\/td><td><\/td><\/tr><tr><td>Evoluci\u00f3n<\/td><td><\/td><\/tr><tr><td>Sistem\u00e1tica Animal<\/td><td><\/td><\/tr><tr><td>Sistem\u00e1tica Vegetal<\/td><td><\/td><\/tr><tr><td>E.D.I.<\/td><td><\/td><\/tr><tr><td>Educaci\u00f3n para la Salud<\/td><td><\/td><\/tr><tr><td>Epistemolog\u00eda<\/td><td><\/td><\/tr><tr><td>Trayecto de Pr\u00e1ctica IV: Seminario de Integraci\u00f3n y S\u00edntesis<\/td><td><\/td><\/tr><tr><td>Trayecto de Pr\u00e1ctica: Taller Docencia IV<\/td><td><\/td><\/tr><\/tbody><\/table><\/figure>\n","protected":false},"excerpt":{"rendered":"<p>Plan de Estudio | Decreto 696\/01 Prof. de Educ. Secundaria en Biolog\u00eda Primer a\u00f1o Pedagog\u00eda Teor\u00eda del Curr\u00edculo y Did\u00e1ctica Psicolog\u00eda Educativa Matem\u00e1tica F\u00edsica General y Biol\u00f3gica Qu\u00edmica General y Biol\u00f3gica Biolog\u00eda I Taller Docencia I Segundo a\u00f1o Gen\u00e9tica Microbiolog\u00eda y Micolog\u00eda Biolog\u00eda II (Integraci\u00f3n Ind.) Espacio Curricular Opcional Geolog\u00eda Psicolog\u00eda y Cultura del Alumno &#8230; <a title=\"\" class=\"read-more\" href=\"https:\/\/isp4-sfe.infd.edu.ar\/sitio\/prof-de-educ-sec-en-biologia\/\" aria-label=\"More on \">[+]<\/a><\/p>\n","protected":false},"author":1921,"featured_media":0,"parent":0,"menu_order":0,"comment_status":"closed","ping_status":"closed","template":"","meta":[],"acf":[],"_links":{"self":[{"href":"https:\/\/isp4-sfe.infd.edu.ar\/sitio\/wp-json\/wp\/v2\/pages\/774"}],"collection":[{"href":"https:\/\/isp4-sfe.infd.edu.ar\/sitio\/wp-json\/wp\/v2\/pages"}],"about":[{"href":"https:\/\/isp4-sfe.infd.edu.ar\/sitio\/wp-json\/wp\/v2\/types\/page"}],"author":[{"embeddable":true,"href":"https:\/\/isp4-sfe.infd.edu.ar\/sitio\/wp-json\/wp\/v2\/users\/1921"}],"replies":[{"embeddable":true,"href":"https:\/\/isp4-sfe.infd.edu.ar\/sitio\/wp-json\/wp\/v2\/comments?post=774"}],"version-history":[{"count":4,"href":"https:\/\/isp4-sfe.infd.edu.ar\/sitio\/wp-json\/wp\/v2\/pages\/774\/revisions"}],"predecessor-version":[{"id":5402,"href":"https:\/\/isp4-sfe.infd.edu.ar\/sitio\/wp-json\/wp\/v2\/pages\/774\/revisions\/5402"}],"wp:attachment":[{"href":"https:\/\/isp4-sfe.infd.edu.ar\/sitio\/wp-json\/wp\/v2\/media?parent=774"}],"curies":[{"name":"wp","href":"https:\/\/api.w.org\/{rel}","templated":true}]}}