{"id":772,"date":"2018-07-10T12:58:29","date_gmt":"2018-07-10T15:58:29","guid":{"rendered":"https:\/\/isp4-sfe.infd.edu.ar\/sitio\/?page_id=772"},"modified":"2025-08-01T21:38:26","modified_gmt":"2025-08-02T00:38:26","slug":"plan-2090-15-prof-de-educ-sec-en-biologia","status":"publish","type":"page","link":"https:\/\/isp4-sfe.infd.edu.ar\/sitio\/plan-2090-15-prof-de-educ-sec-en-biologia\/","title":{"rendered":""},"content":{"rendered":"\n<h2 class=\"wp-block-heading has-text-color\" style=\"color:#097e8f\">Plan de Estudio | Decreto 2090\/15<\/h2>\n\n\n\n<hr class=\"wp-block-separator has-text-color has-alpha-channel-opacity has-background\" style=\"background-color:#097e8f;color:#097e8f\"\/>\n\n\n\n<p><strong>Prof. de Educ. Secundaria en Biolog\u00eda<\/strong><\/p>\n\n\n\n<p>&#x26a0; Para acceder al Plan de Estudio (Decreto 696\/01), hacer clic en el siguiente bot\u00f3n<\/p>\n\n\n\n<div class=\"wp-block-buttons is-layout-flex\">\n<div class=\"wp-block-button is-style-outline\"><a class=\"wp-block-button__link has-text-color wp-element-button\" href=\"https:\/\/isp4-sfe.infd.edu.ar\/sitio\/prof-de-educ-sec-en-biologia\/\" style=\"border-radius:50px;color:#097e8f\" target=\"_blank\" rel=\"noreferrer noopener\">Plan de Estudio | Decreto 696\/01<\/a><\/div>\n<\/div>\n\n\n\n<p class=\"has-text-color\" style=\"color:#097e8f\"><strong>Primer a\u00f1o<\/strong><\/p>\n\n\n\n<figure class=\"wp-block-table is-style-regular\"><table><tbody><tr><td> Pedagog\u00eda <\/td><td><\/td><\/tr><tr><td> UCCV Historia de las Ciencias Naturales <\/td><td><\/td><\/tr><tr><td> Laboratorio de Ciencias Naturales <\/td><td><\/td><\/tr><tr><td> Biolog\u00eda I <\/td><td><\/td><\/tr><tr><td> Elementos de la Matem\u00e1tica y la Bioestad\u00edstica <\/td><td><\/td><\/tr><tr><td> Qu\u00edmica I <\/td><td><\/td><\/tr><tr><td> Ciencias de la Tierra <\/td><td><\/td><\/tr><tr><td> Ecolog\u00eda <\/td><td><\/td><\/tr><tr><td> Pr\u00e1ctica Docente I <\/td><td><\/td><\/tr><\/tbody><\/table><\/figure>\n\n\n\n<p class=\"has-text-color\" style=\"color:#097e8f\"><strong>Segundo a\u00f1o<\/strong><\/p>\n\n\n\n<figure class=\"wp-block-table\"><table><tbody><tr><td>Did\u00e1ctica y Curriculum<\/td><td><\/td><\/tr><tr><td>Psicolog\u00eda y Educaci\u00f3n<\/td><td><\/td><\/tr><tr><td>Instituciones Educativas<\/td><td><\/td><\/tr><tr><td>Biolog\u00eda II<\/td><td><\/td><\/tr><tr><td>Bioestad\u00edstica<\/td><td><\/td><\/tr><tr><td>Qu\u00edmica II<\/td><td><\/td><\/tr><tr><td>Educaci\u00f3n Ambiental <\/td><td><\/td><\/tr><tr><td>Gen\u00e9tica<\/td><td><\/td><\/tr><tr><td>Did\u00e1ctica de la Biolog\u00eda I<\/td><td><\/td><\/tr><tr><td>Pr\u00e1ctica Docente II<\/td><td><\/td><\/tr><\/tbody><\/table><\/figure>\n\n\n\n<p class=\"has-text-color\" style=\"color:#097e8f\"><strong>Tercer a\u00f1o<\/strong><\/p>\n\n\n\n<figure class=\"wp-block-table\"><table><tbody><tr><td>Historia y Pol\u00edtica de la Educaci\u00f3n Argentina<\/td><td><\/td><\/tr><tr><td>Metodolog\u00eda de la Investigaci\u00f3n<\/td><td><\/td><\/tr><tr><td>Biolog\u00eda III<\/td><td><\/td><\/tr><tr><td>Evoluci\u00f3n<\/td><td><\/td><\/tr><tr><td>Biolog\u00eda Humana y Salud I<\/td><td><\/td><\/tr><tr><td>Did\u00e1ctica de la Biolog\u00eda II<\/td><td><\/td><\/tr><tr><td>Sujetos de la Educaci\u00f3n Secundaria<\/td><td><\/td><\/tr><tr><td>Pr\u00e1ctica Docente III<\/td><td><\/td><\/tr><tr><td>EDI<\/td><td><\/td><\/tr><\/tbody><\/table><\/figure>\n\n\n\n<p class=\"has-text-color\" style=\"color:#097e8f\"><strong>Cuarto a\u00f1o<\/strong><\/p>\n\n\n\n<figure class=\"wp-block-table\"><table><tbody><tr><td>\u00c9tica y Trabajo Docente<\/td><td><\/td><\/tr><tr><td>Educaci\u00f3n Sexual Integral<\/td><td><\/td><\/tr><tr><td>Pr\u00e1cticas de Investigaci\u00f3n<\/td><td><\/td><\/tr><tr><td>UCCV Proyectos de Extensi\u00f3n<\/td><td><\/td><\/tr><tr><td>Biolog\u00eda IV<\/td><td><\/td><\/tr><tr><td>Biolog\u00eda Humana y Salud II<\/td><td><\/td><\/tr><tr><td>Epistemolog\u00eda de las Ciencias Naturales<\/td><td><\/td><\/tr><tr><td>Pr\u00e1ctica Docente IV Residencia<\/td><td><\/td><\/tr><tr><td>Taller de Modelizaci\u00f3n y Recursos Did\u00e1cticos en Biolog\u00eda<\/td><td><\/td><\/tr><\/tbody><\/table><\/figure>\n","protected":false},"excerpt":{"rendered":"<p>Plan de Estudio | Decreto 2090\/15 Prof. de Educ. Secundaria en Biolog\u00eda &#x26a0; Para acceder al Plan de Estudio (Decreto 696\/01), hacer clic en el siguiente bot\u00f3n Primer a\u00f1o Pedagog\u00eda UCCV Historia de las Ciencias Naturales Laboratorio de Ciencias Naturales Biolog\u00eda I Elementos de la Matem\u00e1tica y la Bioestad\u00edstica Qu\u00edmica I Ciencias de la Tierra &#8230; <a title=\"\" class=\"read-more\" href=\"https:\/\/isp4-sfe.infd.edu.ar\/sitio\/plan-2090-15-prof-de-educ-sec-en-biologia\/\" aria-label=\"More on \">[+]<\/a><\/p>\n","protected":false},"author":1921,"featured_media":0,"parent":0,"menu_order":0,"comment_status":"closed","ping_status":"closed","template":"","meta":[],"acf":[],"_links":{"self":[{"href":"https:\/\/isp4-sfe.infd.edu.ar\/sitio\/wp-json\/wp\/v2\/pages\/772"}],"collection":[{"href":"https:\/\/isp4-sfe.infd.edu.ar\/sitio\/wp-json\/wp\/v2\/pages"}],"about":[{"href":"https:\/\/isp4-sfe.infd.edu.ar\/sitio\/wp-json\/wp\/v2\/types\/page"}],"author":[{"embeddable":true,"href":"https:\/\/isp4-sfe.infd.edu.ar\/sitio\/wp-json\/wp\/v2\/users\/1921"}],"replies":[{"embeddable":true,"href":"https:\/\/isp4-sfe.infd.edu.ar\/sitio\/wp-json\/wp\/v2\/comments?post=772"}],"version-history":[{"count":6,"href":"https:\/\/isp4-sfe.infd.edu.ar\/sitio\/wp-json\/wp\/v2\/pages\/772\/revisions"}],"predecessor-version":[{"id":5450,"href":"https:\/\/isp4-sfe.infd.edu.ar\/sitio\/wp-json\/wp\/v2\/pages\/772\/revisions\/5450"}],"wp:attachment":[{"href":"https:\/\/isp4-sfe.infd.edu.ar\/sitio\/wp-json\/wp\/v2\/media?parent=772"}],"curies":[{"name":"wp","href":"https:\/\/api.w.org\/{rel}","templated":true}]}}