{"id":769,"date":"2018-06-28T17:37:58","date_gmt":"2018-06-28T20:37:58","guid":{"rendered":"https:\/\/isp4-sfe.infd.edu.ar\/sitio\/ubicacion\/"},"modified":"2026-03-12T23:09:56","modified_gmt":"2026-03-13T02:09:56","slug":"ubicacion","status":"publish","type":"page","link":"https:\/\/isp4-sfe.infd.edu.ar\/sitio\/ubicacion\/","title":{"rendered":""},"content":{"rendered":"\n<h2 class=\"wp-block-heading has-text-color\" style=\"color:#2f455b\">Ubicaci\u00f3n<\/h2>\n\n\n\n<hr class=\"wp-block-separator alignfull has-text-color has-alpha-channel-opacity has-background\" style=\"background-color:#2f455b;color:#2f455b\"\/>\n\n\n\n<p class=\"has-text-align-center\"><iframe loading=\"lazy\" style=\"border: 0;\" src=\"https:\/\/www.google.com\/maps\/embed?pb=!1m14!1m8!1m3!1d13935.383991913744!2d-59.6455303!3d-29.1692101!3m2!1i1024!2i768!4f13.1!3m3!1m2!1s0x944eba913f0d6bdd%3A0x149751e8119b0a6e!2sInstituto%20Superior%20de%20Profesorado%20N%C2%B04%20%22%C3%81ngel%20C%C3%A1rcano%22!5e0!3m2!1ses-419!2sar!4v1649250573351!5m2!1ses-419!2sar\" width=\"600\" height=\"450\" allowfullscreen=\"allowfullscreen\"><\/iframe><\/p>\n\n\n\n<p class=\"has-text-align-left has-text-color\" style=\"color:#003942\"><strong>CARACTER\u00cdSTICAS CONTEXTUALES<\/strong><\/p>\n\n\n<p>La ciudad de Reconquista, cabecera del Dpto. Gral. Obligado se encuentra en el noreste de la provincia de Santa Fe, a 255 km. de la capital provincial. La zona tiene un clima subtropical h\u00famedo, y tiene un promedio anual de precipitaciones de 1408 mm. El clima es ideal para el desarrollo de agricultura, una de sus principales actividades econ\u00f3micas. La zona es h\u00fameda ya que se encuentra cercana al r\u00edo Paran\u00e1, y tiene una temperatura media anual de 21\u00b0C.<\/p>\n<p><!-- \/wp:paragraph --><!-- wp:paragraph --><\/p>\n<p>Est\u00e1 situada en el kilometro 789 de la ruta nacional 11. Esta ruta, que nace en Rosario y termina en la frontera con Paraguay, es parte importante del entramado comercial del MERCOSUR y del comercio con Chile&nbsp;La ruta provincial N\u00b01 conecta a la ciudad con la capital de la provincia, con un recorrido de 310 kil\u00f3metros pavimentados. En las cercan\u00edas se encuentra la ruta provincial 31, que comunica a Reconquista con la zona norte y oeste de la provincia. Nace en la ruta nacional 11 a dos kil\u00f3metros de Reconquista, comunica a una zona importante del Departamento General Obligado y llega al l\u00edmite con el Departamento 9 de Julio con un recorrido de 102 kil\u00f3metros sin pavimentar. La ruta provincial 40 nace en la ciudad y llega a las inmediaciones de la ciudad de Tostado, cabecera del Departamento 9 de Julio, recorriendo 155 kil\u00f3metros.<\/p>\n<p><!-- \/wp:paragraph --><!-- wp:paragraph --><\/p>\n<p><!-- \/wp:paragraph --><!-- wp:paragraph --><\/p>\n<p><strong>En cuanto a comunicaciones<\/strong>, la ciudad cuenta con una Estaci\u00f3n Terminal de \u00d3mnibus. All\u00ed operan 15 empresas de transporte que<br>comunican a la ciudad con ciudades de todo el pa\u00eds y de pa\u00edses lim\u00edtrofes.<\/p>\n<p><!-- \/wp:paragraph --><\/p>\n<p>A ocho kil\u00f3metros de la ciudad se encuentra el Aeropuerto Reconquista de la III Brigada A\u00e9rea. En este aeropuerto opera una l\u00ednea a\u00e9rea y parten vuelos hacia Buenos Aires con cierta frecuencia semanal.<\/p>\n<p><!-- \/wp:paragraph --><!-- wp:paragraph --><\/p>\n<p>El puerto de Reconquista se encuentra a doce kil\u00f3metros de la ciudad, desde all\u00ed es posible cruzar el R\u00edo Paran\u00e1 utilizando un servicio de lanchas que se dirigen a la ciudad correntina de Goya.<\/p>\n<p><!-- \/wp:paragraph --><!-- wp:paragraph --><\/p>\n<p>La ciudad fue&nbsp; fundada&nbsp; en 1872 por Manuel Obligado.&nbsp; El crecimiento demogr\u00e1fico se hizo evidente con las pol\u00edticas inmigratorias a<br>nivel nacional.<\/p>\n<p><!-- \/wp:paragraph --><!-- wp:paragraph --><\/p>\n<p>La principal actividad econ\u00f3mica de la \u00e9poca eran un molino harinero y una f\u00e1brica de Potasa fueron las primeras en instalarse. El desarrollo econ\u00f3mico se vio acelerado con la construcci\u00f3n del puerto en 1884, y el paso de una l\u00ednea de ferrocarril que un\u00eda a la ciudad con Santa Fe. En ese entonces, debido a la infraestructura que pose\u00eda, Reconquista absorb\u00eda los productos de las localidades cercanas, que eran trasladados v\u00eda ferrocarril al puerto, que se encontraba en una posici\u00f3n estrat\u00e9gica entre Santa Fe y Barranqueras.<\/p>\n<p><!-- \/wp:paragraph --><!-- wp:paragraph --><\/p>\n<p>El auge que estaba viviendo Reconquista produjo un aumento en la calidad de los servicios p\u00fablicos. En 1921,&nbsp; con&nbsp; 10.205 habitantes se decret\u00f3 su elevaci\u00f3n a ciudad. En esta etapa comenzaron a instalarse nuevas industrias de diferentes rubros, ya sea tabacalera, de calzado o jabonera. Junto con el desarrollo se instalaron tambi\u00e9n sucursales de los principales bancos del pa\u00eds y en la d\u00e9cada del 20 se construyeron la mayor\u00eda de los edificios p\u00fablicos de la ciudad.<\/p>\n<p><!-- \/wp:paragraph --><!-- wp:paragraph --><\/p>\n<p>En 1971 se construye un Parque Industrial de 56 hect\u00e1reas, donde se radican industrias de diferentes rubros y origen de capital.<\/p>\n<p><!-- \/wp:paragraph --><\/p>\n<p><!-- wp:paragraph --><\/p>\n<p><!-- \/wp:paragraph --><\/p>","protected":false},"excerpt":{"rendered":"<p>Ubicaci\u00f3n CARACTER\u00cdSTICAS CONTEXTUALES La ciudad de Reconquista, cabecera del Dpto. Gral. Obligado se encuentra en el noreste de la provincia de Santa Fe, a 255 km. de la capital provincial. La zona tiene un clima subtropical h\u00famedo, y tiene un promedio anual de precipitaciones de 1408 mm. El clima es ideal para el desarrollo de &#8230; <a title=\"\" class=\"read-more\" href=\"https:\/\/isp4-sfe.infd.edu.ar\/sitio\/ubicacion\/\" aria-label=\"More on \">[+]<\/a><\/p>\n","protected":false},"author":1921,"featured_media":0,"parent":0,"menu_order":0,"comment_status":"closed","ping_status":"closed","template":"","meta":[],"acf":[],"_links":{"self":[{"href":"https:\/\/isp4-sfe.infd.edu.ar\/sitio\/wp-json\/wp\/v2\/pages\/769"}],"collection":[{"href":"https:\/\/isp4-sfe.infd.edu.ar\/sitio\/wp-json\/wp\/v2\/pages"}],"about":[{"href":"https:\/\/isp4-sfe.infd.edu.ar\/sitio\/wp-json\/wp\/v2\/types\/page"}],"author":[{"embeddable":true,"href":"https:\/\/isp4-sfe.infd.edu.ar\/sitio\/wp-json\/wp\/v2\/users\/1921"}],"replies":[{"embeddable":true,"href":"https:\/\/isp4-sfe.infd.edu.ar\/sitio\/wp-json\/wp\/v2\/comments?post=769"}],"version-history":[{"count":8,"href":"https:\/\/isp4-sfe.infd.edu.ar\/sitio\/wp-json\/wp\/v2\/pages\/769\/revisions"}],"predecessor-version":[{"id":5832,"href":"https:\/\/isp4-sfe.infd.edu.ar\/sitio\/wp-json\/wp\/v2\/pages\/769\/revisions\/5832"}],"wp:attachment":[{"href":"https:\/\/isp4-sfe.infd.edu.ar\/sitio\/wp-json\/wp\/v2\/media?parent=769"}],"curies":[{"name":"wp","href":"https:\/\/api.w.org\/{rel}","templated":true}]}}