{"id":763,"date":"2018-06-28T17:37:56","date_gmt":"2018-06-28T20:37:56","guid":{"rendered":"https:\/\/isp4-sfe.infd.edu.ar\/sitio\/plan-de-estudios\/"},"modified":"2022-02-08T17:53:52","modified_gmt":"2022-02-08T20:53:52","slug":"plan-de-estudios","status":"publish","type":"page","link":"https:\/\/isp4-sfe.infd.edu.ar\/sitio\/plan-de-estudios\/","title":{"rendered":"Plan de Estudios"},"content":{"rendered":"<p><img decoding=\"async\" loading=\"lazy\" class=\"alignnone wp-image-1819\" src=\"https:\/\/isp4-sfe.infd.edu.ar\/sitio\/wp-content\/uploads\/2021\/04\/Copia-de-prosecretarios-12-1000x100.png\" alt=\"\" width=\"636\" height=\"64\" srcset=\"https:\/\/isp4-sfe.infd.edu.ar\/sitio\/wp-content\/uploads\/2021\/04\/Copia-de-prosecretarios-12-1000x100.png 1000w, https:\/\/isp4-sfe.infd.edu.ar\/sitio\/wp-content\/uploads\/2021\/04\/Copia-de-prosecretarios-12-768x77.png 768w, https:\/\/isp4-sfe.infd.edu.ar\/sitio\/wp-content\/uploads\/2021\/04\/Copia-de-prosecretarios-12.png 1080w\" sizes=\"(max-width: 636px) 100vw, 636px\" \/><\/p>\n<ul>\n<li>Profesorado de Educaci\u00f3n Secundaria en Administraci\u00f3n.<\/li>\n<\/ul>\n<p style=\"padding-left: 60px;\"><a href=\"index.cgi?wid_item=22&amp;wid_seccion=16\">Plan de Estudio<\/a>\u00a0(Decreto 696\/01)<\/p>\n<p style=\"padding-left: 60px;\"><a href=\"index.cgi?wid_item=51&amp;wid_seccion=16\">Plan de Estudio<\/a> (Plan 2090\/15)<\/p>\n<ul>\n<li>Profesorado de Educaci\u00f3n Secundaria en Biolog\u00eda<\/li>\n<\/ul>\n<p style=\"padding-left: 60px;\"><a href=\"index.cgi?wid_item=23&amp;wid_seccion=16\">Plan de Estudio<\/a>\u00a0(Decreto 696\/01)<\/p>\n<p style=\"padding-left: 60px;\"><a href=\"index.cgi?wid_item=52&amp;wid_seccion=16\">Plan de Estudio<\/a><a href=\"index.cgi?wid_item=23&amp;wid_seccion=16\">\u00a0<\/a>(Plan 2090\/15)<\/p>\n<ul>\n<li>Profesorado de Educaci\u00f3n Superior en Ciencias de la Educaci\u00f3n<\/li>\n<\/ul>\n<p style=\"padding-left: 60px;\"><a href=\"index.cgi?wid_item=24&amp;wid_seccion=16\">Plan de Estudio<\/a><\/p>\n<ul>\n<li>Profesorado de Educaci\u00f3n Inicial, Primaria y Secundaria de Educaci\u00f3n F\u00edsica<\/li>\n<\/ul>\n<p style=\"padding-left: 60px;\"><a href=\"index.cgi?wid_item=25&amp;wid_seccion=16\">Plan de Estudio<\/a><\/p>\n<ul>\n<li>Profesorado de Educaci\u00f3n Inicial<\/li>\n<\/ul>\n<p style=\"padding-left: 60px;\"><a href=\"index.cgi?wid_item=26&amp;wid_seccion=16\">Plan de Estudio<\/a><\/p>\n<ul>\n<li>Profesorado de Educaci\u00f3n Primaria<\/li>\n<\/ul>\n<p style=\"padding-left: 60px;\"><a href=\"index.cgi?wid_item=27&amp;wid_seccion=16\">Plan de Estudio<\/a><\/p>\n<ul>\n<li>Profesorado de Educaci\u00f3n Secundaria en Geograf\u00eda<\/li>\n<\/ul>\n<p style=\"padding-left: 60px;\"><a href=\"index.cgi?wid_item=28&amp;wid_seccion=16\">Plan de Estudio<\/a>\u00a0(Decreto 696\/01)<\/p>\n<p style=\"padding-left: 60px;\"><a href=\"index.cgi?wid_item=55&amp;wid_seccion=16\">Plan de Estudio<\/a>\u00a0(Plan 2090\/15)<\/p>\n<ul>\n<li>Profesorado de Educaci\u00f3n Secundaria en Historia<\/li>\n<\/ul>\n<p style=\"padding-left: 60px;\"><a href=\"index.cgi?wid_item=29&amp;wid_seccion=16\">Plan de Estudio<\/a>\u00a0(Decreto 696\/01)<\/p>\n<p style=\"padding-left: 60px;\"><a href=\"index.cgi?wid_item=57&amp;wid_seccion=16\">Plan de Estudio<\/a> (Resoluci\u00f3n 1968\/17)<\/p>\n<ul>\n<li>Profesorado de Educaci\u00f3n Secundaria en Ingl\u00e9s (Decreto 696\/01)<\/li>\n<\/ul>\n<p style=\"padding-left: 60px;\"><a href=\"index.cgi?wid_item=30&amp;wid_seccion=16\">Plan de Estudio<\/a><\/p>\n<ul>\n<li>Profesorado de Educaci\u00f3n Secundaria en Lengua y Literatura<\/li>\n<\/ul>\n<p style=\"padding-left: 60px;\"><a href=\"index.cgi?wid_item=31&amp;wid_seccion=16\">Plan de Estudio<\/a>\u00a0(Decreto 696\/01)<\/p>\n<p style=\"padding-left: 60px;\"><a href=\"index.cgi?wid_item=58&amp;wid_seccion=16\">Plan de Estudio<\/a> (Resoluci\u00f3n 514\/18)<\/p>\n<ul>\n<li>Profesorado de Educaci\u00f3n Secundaria en Matem\u00e1tica<\/li>\n<\/ul>\n<p style=\"padding-left: 60px;\"><a href=\"index.cgi?wid_item=32&amp;wid_seccion=16\">Plan de Estudio<\/a>\u00a0(Decreto 696\/01)<\/p>\n<p style=\"padding-left: 60px;\"><a href=\"index.cgi?wid_item=54&amp;wid_seccion=16\">Plan de Estudio<\/a>\u00a0(Plan 2090\/15)<\/p>\n<ul>\n<li>Profesorado de Educaci\u00f3n Tecnol\u00f3gica<\/li>\n<\/ul>\n<p style=\"padding-left: 60px;\"><a href=\"index.cgi?wid_item=34&amp;wid_seccion=16\">Plan de Estudio<\/a>\u00a0(Plan 696\/01)<\/p>\n<p style=\"padding-left: 60px;\"><a href=\"index.cgi?wid_item=53&amp;wid_seccion=16\">Plan de Estudio\u00a0<\/a>\u00a0(Plan 2719\/14)<\/p>\n<ul>\n<li>T\u00e9cnico Superior en An\u00e1lisis Funcional de Sistemas Inform\u00e1ticos (Resoluci\u00f3n Ministerial 2120\/16)<\/li>\n<\/ul>\n<p style=\"padding-left: 60px;\"><a href=\"https:\/\/isp4-sfe.infd.edu.ar\/sitio\/plan-de-estudio\/\">Plan de Estudio<\/a><\/p>\n<ul>\n<li>T\u00e9cnico Superior en Gesti\u00f3n de las Organizaciones (Resoluci\u00f3n Ministerial 378\/16)<\/li>\n<\/ul>\n<p style=\"padding-left: 60px;\"><a href=\"https:\/\/isp4-sfe.infd.edu.ar\/sitio\/plan-de-estudio-tecnicaturagestion\/\">Plan de Estudio<\/a><\/p>\n\n\n<p><\/p>\n","protected":false},"excerpt":{"rendered":"<p>Profesorado de Educaci\u00f3n Secundaria en Administraci\u00f3n. Plan de Estudio\u00a0(Decreto 696\/01) Plan de Estudio (Plan 2090\/15) Profesorado de Educaci\u00f3n Secundaria en Biolog\u00eda Plan de Estudio\u00a0(Decreto 696\/01) Plan de Estudio\u00a0(Plan 2090\/15) Profesorado de Educaci\u00f3n Superior en Ciencias de la Educaci\u00f3n Plan de Estudio Profesorado de Educaci\u00f3n Inicial, Primaria y Secundaria de Educaci\u00f3n F\u00edsica Plan de Estudio Profesorado &#8230; <a title=\"Plan de Estudios\" class=\"read-more\" href=\"https:\/\/isp4-sfe.infd.edu.ar\/sitio\/plan-de-estudios\/\" aria-label=\"More on Plan de Estudios\">[+]<\/a><\/p>\n","protected":false},"author":1818,"featured_media":0,"parent":0,"menu_order":0,"comment_status":"closed","ping_status":"closed","template":"","meta":[],"acf":[],"_links":{"self":[{"href":"https:\/\/isp4-sfe.infd.edu.ar\/sitio\/wp-json\/wp\/v2\/pages\/763"}],"collection":[{"href":"https:\/\/isp4-sfe.infd.edu.ar\/sitio\/wp-json\/wp\/v2\/pages"}],"about":[{"href":"https:\/\/isp4-sfe.infd.edu.ar\/sitio\/wp-json\/wp\/v2\/types\/page"}],"author":[{"embeddable":true,"href":"https:\/\/isp4-sfe.infd.edu.ar\/sitio\/wp-json\/wp\/v2\/users\/1818"}],"replies":[{"embeddable":true,"href":"https:\/\/isp4-sfe.infd.edu.ar\/sitio\/wp-json\/wp\/v2\/comments?post=763"}],"version-history":[{"count":7,"href":"https:\/\/isp4-sfe.infd.edu.ar\/sitio\/wp-json\/wp\/v2\/pages\/763\/revisions"}],"predecessor-version":[{"id":2865,"href":"https:\/\/isp4-sfe.infd.edu.ar\/sitio\/wp-json\/wp\/v2\/pages\/763\/revisions\/2865"}],"wp:attachment":[{"href":"https:\/\/isp4-sfe.infd.edu.ar\/sitio\/wp-json\/wp\/v2\/media?parent=763"}],"curies":[{"name":"wp","href":"https:\/\/api.w.org\/{rel}","templated":true}]}}