{"id":761,"date":"2018-06-28T17:37:56","date_gmt":"2018-06-28T20:37:56","guid":{"rendered":"https:\/\/isp4-sfe.infd.edu.ar\/sitio\/datos-institucionales\/"},"modified":"2026-03-12T22:43:48","modified_gmt":"2026-03-13T01:43:48","slug":"datos-institucionales","status":"publish","type":"page","link":"https:\/\/isp4-sfe.infd.edu.ar\/sitio\/datos-institucionales\/","title":{"rendered":""},"content":{"rendered":"\n<h2 class=\"wp-block-heading has-text-color\" style=\"color:#2f455b\"><strong>Datos Institucionales<\/strong><\/h2>\n\n\n\n<hr class=\"wp-block-separator alignfull has-text-color has-alpha-channel-opacity has-background is-style-default\" style=\"background-color:#2f455b;color:#2f455b\"\/>\n\n\n\n<p><span style=\"font-family: verdana; font-size: 10pt;\"><strong>Horarios de atenci\u00f3n:<\/strong> de 07.30h a 22.30h<\/span><br><span style=\"font-family: verdana; font-size: 10pt;\"><strong>Direcci\u00f3n:<\/strong> Laura Devetach&nbsp;3353 |&nbsp;Reconquista. Santa Fe.<\/span><br><span style=\"color: inherit; font-size: 1.2em; font-family: verdana;\"><span style=\"font-size: 13.3333px;\"><b>Tel\u00e9fono de l\u00ednea<strong style=\"color: inherit; font-family: verdana; font-size: 10pt;\">:<\/strong><\/b> (03482) &#8211; 487789<\/span><\/span><br><span style=\"font-family: verdana; font-size: 10pt;\"><strong>E-mail de consultas:<\/strong>&nbsp;<a href=\"mailto:secretaria@ispn4-santafe.edu.ar\">superior4_reconquista@santafe.edu.ar<\/a>&nbsp;<\/span><br><span style=\"font-size: 10pt;\"><strong>Web Institucional<\/strong><span style=\"font-family: verdana;\"><strong>:<\/strong> <a href=\"http:\/\/isp4-sfe.infd.edu.ar\">isp4-sfe.infd.edu.ar<\/a><\/span><\/span><\/p>\n","protected":false},"excerpt":{"rendered":"<p>Datos Institucionales Horarios de atenci\u00f3n: de 07.30h a 22.30hDirecci\u00f3n: Laura Devetach&nbsp;3353 |&nbsp;Reconquista. Santa Fe.Tel\u00e9fono de l\u00ednea: (03482) &#8211; 487789E-mail de consultas:&nbsp;superior4_reconquista@santafe.edu.ar&nbsp;Web Institucional: isp4-sfe.infd.edu.ar<\/p>\n","protected":false},"author":1921,"featured_media":0,"parent":0,"menu_order":0,"comment_status":"closed","ping_status":"closed","template":"","meta":[],"acf":[],"_links":{"self":[{"href":"https:\/\/isp4-sfe.infd.edu.ar\/sitio\/wp-json\/wp\/v2\/pages\/761"}],"collection":[{"href":"https:\/\/isp4-sfe.infd.edu.ar\/sitio\/wp-json\/wp\/v2\/pages"}],"about":[{"href":"https:\/\/isp4-sfe.infd.edu.ar\/sitio\/wp-json\/wp\/v2\/types\/page"}],"author":[{"embeddable":true,"href":"https:\/\/isp4-sfe.infd.edu.ar\/sitio\/wp-json\/wp\/v2\/users\/1921"}],"replies":[{"embeddable":true,"href":"https:\/\/isp4-sfe.infd.edu.ar\/sitio\/wp-json\/wp\/v2\/comments?post=761"}],"version-history":[{"count":15,"href":"https:\/\/isp4-sfe.infd.edu.ar\/sitio\/wp-json\/wp\/v2\/pages\/761\/revisions"}],"predecessor-version":[{"id":5819,"href":"https:\/\/isp4-sfe.infd.edu.ar\/sitio\/wp-json\/wp\/v2\/pages\/761\/revisions\/5819"}],"wp:attachment":[{"href":"https:\/\/isp4-sfe.infd.edu.ar\/sitio\/wp-json\/wp\/v2\/media?parent=761"}],"curies":[{"name":"wp","href":"https:\/\/api.w.org\/{rel}","templated":true}]}}