{"id":734,"date":"2018-06-28T17:37:46","date_gmt":"2018-06-28T20:37:46","guid":{"rendered":"https:\/\/isp4-sfe.infd.edu.ar\/sitio\/informacion-para-alumnos\/"},"modified":"2025-07-28T11:19:12","modified_gmt":"2025-07-28T14:19:12","slug":"informacion-para-alumnos","status":"publish","type":"page","link":"https:\/\/isp4-sfe.infd.edu.ar\/sitio\/informacion-para-alumnos\/","title":{"rendered":"Informaci\u00f3n para el alumnado"},"content":{"rendered":"\n<hr class=\"wp-block-separator has-alpha-channel-opacity\"\/>\n\n\n\n<div class=\"wp-block-columns is-layout-flex wp-container-5\">\n<div class=\"wp-block-column is-layout-flow\">\n<p class=\"has-black-color has-text-color\"><strong>PERSONAL ADMINISTRATIVO<\/strong><\/p>\n\n\n\n<p>A continuaci\u00f3n, pueden acceder al Personal Administrativo correspondiente a cada carrera&#8230;<\/p>\n\n\n\n<div class=\"wp-block-buttons is-layout-flex\">\n<div class=\"wp-block-button is-style-outline\"><a class=\"wp-block-button__link has-text-color wp-element-button\" href=\"https:\/\/isp4-sfe.infd.edu.ar\/sitio\/personal-administrativo\/\" style=\"color:#0071a1\" target=\"_blank\" rel=\"noreferrer noopener\">Acceder<\/a><\/div>\n<\/div>\n<\/div>\n\n\n\n<div class=\"wp-block-column is-layout-flow\">\n<p class=\"has-black-color has-text-color\"><strong>AUTORIDADES<\/strong><\/p>\n\n\n\n<p>Podr\u00e1n visualizar aqu\u00ed, las Autoridades del Instituto (Director\/a, Regentes, Jefes de Secci\u00f3n, Departamento de Capacitaci\u00f3n, Departamento de Investigaci\u00f3n y Jefes de Pr\u00e1ctica)<\/p>\n\n\n\n<div class=\"wp-block-buttons is-layout-flex\">\n<div class=\"wp-block-button is-style-outline\"><a class=\"wp-block-button__link has-text-color wp-element-button\" href=\"https:\/\/isp4-sfe.infd.edu.ar\/sitio\/autoridades\/\" style=\"border-radius:50px;color:#0071a1\" target=\"_blank\" rel=\"noreferrer noopener\">Acceder<\/a><\/div>\n<\/div>\n<\/div>\n<\/div>\n\n\n\n<div class=\"wp-block-columns is-layout-flex wp-container-12\">\n<div class=\"wp-block-column is-layout-flow\">\n<p><strong>Estudiantes del<\/strong> <strong>Profesorado de Educaci\u00f3n F\u00edsica<\/strong><\/p>\n\n\n\n<p>A continuaci\u00f3n podr\u00e1n acceder a la Declaraci\u00f3n Jurada de dicha carrera&#8230;<\/p>\n\n\n\n<div class=\"wp-block-buttons is-layout-flex\">\n<div class=\"wp-block-button is-style-outline\"><a class=\"wp-block-button__link has-text-color wp-element-button\" href=\"https:\/\/isp4-sfe.infd.edu.ar\/sitio\/wp-content\/uploads\/2022\/12\/Declaracion-Jurada.pdf\" style=\"border-radius:50px;color:#0071a1\" target=\"_blank\" rel=\"noreferrer noopener\">Acceder&#8230;<\/a><\/div>\n<\/div>\n<\/div>\n\n\n\n<div class=\"wp-block-column is-layout-flow\">\n<p><strong>REGLAMENTO ACAD\u00c9MICO INSTITUCIONAL<\/strong><\/p>\n\n\n\n<p><strong>Cap\u00edtulo 6: <\/strong>\u201cDe las Homologaciones\u201d<\/p>\n\n\n\n<p>&nbsp;<strong>Art. 52:<\/strong> Ser\u00e1n de aplicaci\u00f3n las normas de&#8230;<\/p>\n\n\n\n<div class=\"wp-block-buttons is-layout-flex\">\n<div class=\"wp-block-button is-style-outline\"><a class=\"wp-block-button__link has-text-color wp-element-button\" href=\"https:\/\/isp4-sfe.infd.edu.ar\/sitio\/reglamento-academico-institucional\/\" style=\"border-radius:50px;color:#0071a1\" target=\"_blank\" rel=\"noreferrer noopener\">Leer m\u00e1s&#8230;<\/a><\/div>\n<\/div>\n<\/div>\n\n\n\n<div class=\"wp-block-column is-layout-flow\">\n<p><strong>ORGANIZACI\u00d3N DE LAS COMUNICACIONES<\/strong><\/p>\n\n\n\n<p>D\u00f3nde preguntar para obtener respuestas&#8230;<\/p>\n\n\n\n<div class=\"wp-block-buttons is-layout-flex\">\n<div class=\"wp-block-button is-style-outline\"><a class=\"wp-block-button__link has-text-color wp-element-button\" href=\"https:\/\/isp4-sfe.infd.edu.ar\/sitio\/organizacion-de-las-comunicaciones\/\" style=\"border-radius:50px;color:#0071a1\" target=\"_blank\" rel=\"noreferrer noopener\">Leer m\u00e1s&#8230;<\/a><\/div>\n<\/div>\n<\/div>\n<\/div>\n\n\n\n<p><\/p>\n","protected":false},"excerpt":{"rendered":"<p>Estudiantes del Profesorado de Educaci\u00f3n F\u00edsica A continuaci\u00f3n podr\u00e1n acceder a la Declaraci\u00f3n Jurada de dicha carrera&#8230; REGLAMENTO ACAD\u00c9MICO INSTITUCIONAL Cap\u00edtulo 6: \u201cDe las Homologaciones\u201d &nbsp;Art. 52: Ser\u00e1n de aplicaci\u00f3n las normas de&#8230; ORGANIZACI\u00d3N DE LAS COMUNICACIONES D\u00f3nde preguntar para obtener respuestas&#8230;<\/p>\n","protected":false},"author":1818,"featured_media":0,"parent":0,"menu_order":0,"comment_status":"closed","ping_status":"closed","template":"","meta":[],"acf":[],"_links":{"self":[{"href":"https:\/\/isp4-sfe.infd.edu.ar\/sitio\/wp-json\/wp\/v2\/pages\/734"}],"collection":[{"href":"https:\/\/isp4-sfe.infd.edu.ar\/sitio\/wp-json\/wp\/v2\/pages"}],"about":[{"href":"https:\/\/isp4-sfe.infd.edu.ar\/sitio\/wp-json\/wp\/v2\/types\/page"}],"author":[{"embeddable":true,"href":"https:\/\/isp4-sfe.infd.edu.ar\/sitio\/wp-json\/wp\/v2\/users\/1818"}],"replies":[{"embeddable":true,"href":"https:\/\/isp4-sfe.infd.edu.ar\/sitio\/wp-json\/wp\/v2\/comments?post=734"}],"version-history":[{"count":320,"href":"https:\/\/isp4-sfe.infd.edu.ar\/sitio\/wp-json\/wp\/v2\/pages\/734\/revisions"}],"predecessor-version":[{"id":5171,"href":"https:\/\/isp4-sfe.infd.edu.ar\/sitio\/wp-json\/wp\/v2\/pages\/734\/revisions\/5171"}],"wp:attachment":[{"href":"https:\/\/isp4-sfe.infd.edu.ar\/sitio\/wp-json\/wp\/v2\/media?parent=734"}],"curies":[{"name":"wp","href":"https:\/\/api.w.org\/{rel}","templated":true}]}}