{"id":3781,"date":"2022-09-21T11:06:10","date_gmt":"2022-09-21T14:06:10","guid":{"rendered":"https:\/\/isp4-sfe.infd.edu.ar\/sitio\/?page_id=3781"},"modified":"2022-09-21T11:17:01","modified_gmt":"2022-09-21T14:17:01","slug":"julio-2022","status":"publish","type":"page","link":"https:\/\/isp4-sfe.infd.edu.ar\/sitio\/julio-2022\/","title":{"rendered":"JULIO | 2022"},"content":{"rendered":"\n<h4 class=\"wp-block-heading\"><strong>REVISTA DIGITAL | BOLET\u00cdN JULIO 2022<\/strong><\/h4>\n\n\n\n<p>A continuaci\u00f3n, ver\u00e1n el nuevo bolet\u00edn en formato Revista Digital.&nbsp;Para acceder, deber\u00e1n hacer clic en el centro de la revista en la opci\u00f3n&nbsp;<strong>Fullscreen<\/strong>&nbsp;para acceder a leerla.<\/p>\n\n\n\n<p style=\"text-align: center;\"><iframe loading=\"lazy\" src=\"https:\/\/cdn.flipsnack.com\/widget\/v2\/widget.html?hash=z1jejcco7k\" width=\"100%\" height=\"480\" frameborder=\"0\" scrolling=\"no\" seamless=\"seamless\" allowfullscreen=\"allowfullscreen\"><\/iframe><\/p>\n\n\n\n<figure class=\"wp-block-gallery columns-3 is-cropped wp-block-gallery-1 is-layout-flex\"><ul class=\"blocks-gallery-grid\"><li class=\"blocks-gallery-item\"><figure><img decoding=\"async\" loading=\"lazy\" width=\"1343\" height=\"1900\" src=\"https:\/\/isp4-sfe.infd.edu.ar\/sitio\/wp-content\/uploads\/2022\/09\/1-1343x1900.png\" alt=\"\" data-id=\"3782\" data-full-url=\"https:\/\/isp4-sfe.infd.edu.ar\/sitio\/wp-content\/uploads\/2022\/09\/1.png\" data-link=\"https:\/\/isp4-sfe.infd.edu.ar\/sitio\/?attachment_id=3782#main\" class=\"wp-image-3782\" srcset=\"https:\/\/isp4-sfe.infd.edu.ar\/sitio\/wp-content\/uploads\/2022\/09\/1-1343x1900.png 1343w, https:\/\/isp4-sfe.infd.edu.ar\/sitio\/wp-content\/uploads\/2022\/09\/1-707x1000.png 707w, https:\/\/isp4-sfe.infd.edu.ar\/sitio\/wp-content\/uploads\/2022\/09\/1-768x1086.png 768w, https:\/\/isp4-sfe.infd.edu.ar\/sitio\/wp-content\/uploads\/2022\/09\/1-1086x1536.png 1086w, https:\/\/isp4-sfe.infd.edu.ar\/sitio\/wp-content\/uploads\/2022\/09\/1.png 1414w\" sizes=\"(max-width: 1343px) 100vw, 1343px\" \/><\/figure><\/li><li class=\"blocks-gallery-item\"><figure><img decoding=\"async\" loading=\"lazy\" width=\"1343\" height=\"1900\" src=\"https:\/\/isp4-sfe.infd.edu.ar\/sitio\/wp-content\/uploads\/2022\/09\/2-1-1343x1900.png\" alt=\"\" data-id=\"3786\" data-full-url=\"https:\/\/isp4-sfe.infd.edu.ar\/sitio\/wp-content\/uploads\/2022\/09\/2-1.png\" data-link=\"https:\/\/isp4-sfe.infd.edu.ar\/sitio\/julio-2022\/2-1-2\/#main\" class=\"wp-image-3786\" srcset=\"https:\/\/isp4-sfe.infd.edu.ar\/sitio\/wp-content\/uploads\/2022\/09\/2-1-1343x1900.png 1343w, https:\/\/isp4-sfe.infd.edu.ar\/sitio\/wp-content\/uploads\/2022\/09\/2-1-707x1000.png 707w, https:\/\/isp4-sfe.infd.edu.ar\/sitio\/wp-content\/uploads\/2022\/09\/2-1-768x1086.png 768w, https:\/\/isp4-sfe.infd.edu.ar\/sitio\/wp-content\/uploads\/2022\/09\/2-1-1086x1536.png 1086w, https:\/\/isp4-sfe.infd.edu.ar\/sitio\/wp-content\/uploads\/2022\/09\/2-1.png 1414w\" sizes=\"(max-width: 1343px) 100vw, 1343px\" \/><\/figure><\/li><li class=\"blocks-gallery-item\"><figure><img decoding=\"async\" loading=\"lazy\" width=\"1343\" height=\"1900\" src=\"https:\/\/isp4-sfe.infd.edu.ar\/sitio\/wp-content\/uploads\/2022\/09\/3-1343x1900.png\" alt=\"\" data-id=\"3787\" data-full-url=\"https:\/\/isp4-sfe.infd.edu.ar\/sitio\/wp-content\/uploads\/2022\/09\/3.png\" data-link=\"https:\/\/isp4-sfe.infd.edu.ar\/sitio\/julio-2022\/3-12\/#main\" class=\"wp-image-3787\" srcset=\"https:\/\/isp4-sfe.infd.edu.ar\/sitio\/wp-content\/uploads\/2022\/09\/3-1343x1900.png 1343w, https:\/\/isp4-sfe.infd.edu.ar\/sitio\/wp-content\/uploads\/2022\/09\/3-707x1000.png 707w, https:\/\/isp4-sfe.infd.edu.ar\/sitio\/wp-content\/uploads\/2022\/09\/3-768x1086.png 768w, https:\/\/isp4-sfe.infd.edu.ar\/sitio\/wp-content\/uploads\/2022\/09\/3-1086x1536.png 1086w, https:\/\/isp4-sfe.infd.edu.ar\/sitio\/wp-content\/uploads\/2022\/09\/3.png 1414w\" sizes=\"(max-width: 1343px) 100vw, 1343px\" \/><\/figure><\/li><li class=\"blocks-gallery-item\"><figure><img decoding=\"async\" loading=\"lazy\" width=\"1343\" height=\"1900\" src=\"https:\/\/isp4-sfe.infd.edu.ar\/sitio\/wp-content\/uploads\/2022\/09\/4-1343x1900.png\" alt=\"\" data-id=\"3791\" data-full-url=\"https:\/\/isp4-sfe.infd.edu.ar\/sitio\/wp-content\/uploads\/2022\/09\/4.png\" data-link=\"https:\/\/isp4-sfe.infd.edu.ar\/sitio\/julio-2022\/4-9\/#main\" class=\"wp-image-3791\" srcset=\"https:\/\/isp4-sfe.infd.edu.ar\/sitio\/wp-content\/uploads\/2022\/09\/4-1343x1900.png 1343w, https:\/\/isp4-sfe.infd.edu.ar\/sitio\/wp-content\/uploads\/2022\/09\/4-707x1000.png 707w, https:\/\/isp4-sfe.infd.edu.ar\/sitio\/wp-content\/uploads\/2022\/09\/4-768x1086.png 768w, https:\/\/isp4-sfe.infd.edu.ar\/sitio\/wp-content\/uploads\/2022\/09\/4-1086x1536.png 1086w, https:\/\/isp4-sfe.infd.edu.ar\/sitio\/wp-content\/uploads\/2022\/09\/4.png 1414w\" sizes=\"(max-width: 1343px) 100vw, 1343px\" \/><\/figure><\/li><li class=\"blocks-gallery-item\"><figure><img decoding=\"async\" loading=\"lazy\" width=\"1343\" height=\"1900\" src=\"https:\/\/isp4-sfe.infd.edu.ar\/sitio\/wp-content\/uploads\/2022\/09\/5-1343x1900.png\" alt=\"\" data-id=\"3792\" data-full-url=\"https:\/\/isp4-sfe.infd.edu.ar\/sitio\/wp-content\/uploads\/2022\/09\/5.png\" data-link=\"https:\/\/isp4-sfe.infd.edu.ar\/sitio\/julio-2022\/5-8\/#main\" class=\"wp-image-3792\" srcset=\"https:\/\/isp4-sfe.infd.edu.ar\/sitio\/wp-content\/uploads\/2022\/09\/5-1343x1900.png 1343w, https:\/\/isp4-sfe.infd.edu.ar\/sitio\/wp-content\/uploads\/2022\/09\/5-707x1000.png 707w, https:\/\/isp4-sfe.infd.edu.ar\/sitio\/wp-content\/uploads\/2022\/09\/5-768x1086.png 768w, https:\/\/isp4-sfe.infd.edu.ar\/sitio\/wp-content\/uploads\/2022\/09\/5-1086x1536.png 1086w, https:\/\/isp4-sfe.infd.edu.ar\/sitio\/wp-content\/uploads\/2022\/09\/5.png 1414w\" sizes=\"(max-width: 1343px) 100vw, 1343px\" \/><\/figure><\/li><li class=\"blocks-gallery-item\"><figure><img decoding=\"async\" loading=\"lazy\" width=\"1343\" height=\"1900\" src=\"https:\/\/isp4-sfe.infd.edu.ar\/sitio\/wp-content\/uploads\/2022\/09\/6-1343x1900.png\" alt=\"\" data-id=\"3793\" data-full-url=\"https:\/\/isp4-sfe.infd.edu.ar\/sitio\/wp-content\/uploads\/2022\/09\/6.png\" data-link=\"https:\/\/isp4-sfe.infd.edu.ar\/sitio\/julio-2022\/6-6\/#main\" class=\"wp-image-3793\" srcset=\"https:\/\/isp4-sfe.infd.edu.ar\/sitio\/wp-content\/uploads\/2022\/09\/6-1343x1900.png 1343w, https:\/\/isp4-sfe.infd.edu.ar\/sitio\/wp-content\/uploads\/2022\/09\/6-707x1000.png 707w, https:\/\/isp4-sfe.infd.edu.ar\/sitio\/wp-content\/uploads\/2022\/09\/6-768x1086.png 768w, https:\/\/isp4-sfe.infd.edu.ar\/sitio\/wp-content\/uploads\/2022\/09\/6-1086x1536.png 1086w, https:\/\/isp4-sfe.infd.edu.ar\/sitio\/wp-content\/uploads\/2022\/09\/6.png 1414w\" sizes=\"(max-width: 1343px) 100vw, 1343px\" \/><\/figure><\/li><\/ul><\/figure>\n","protected":false},"excerpt":{"rendered":"<p>REVISTA DIGITAL | BOLET\u00cdN JULIO 2022 A continuaci\u00f3n, ver\u00e1n el nuevo bolet\u00edn en formato Revista Digital.&nbsp;Para acceder, deber\u00e1n hacer clic en el centro de la revista en la opci\u00f3n&nbsp;Fullscreen&nbsp;para acceder a leerla.<\/p>\n","protected":false},"author":1921,"featured_media":0,"parent":0,"menu_order":0,"comment_status":"closed","ping_status":"closed","template":"","meta":[],"acf":[],"_links":{"self":[{"href":"https:\/\/isp4-sfe.infd.edu.ar\/sitio\/wp-json\/wp\/v2\/pages\/3781"}],"collection":[{"href":"https:\/\/isp4-sfe.infd.edu.ar\/sitio\/wp-json\/wp\/v2\/pages"}],"about":[{"href":"https:\/\/isp4-sfe.infd.edu.ar\/sitio\/wp-json\/wp\/v2\/types\/page"}],"author":[{"embeddable":true,"href":"https:\/\/isp4-sfe.infd.edu.ar\/sitio\/wp-json\/wp\/v2\/users\/1921"}],"replies":[{"embeddable":true,"href":"https:\/\/isp4-sfe.infd.edu.ar\/sitio\/wp-json\/wp\/v2\/comments?post=3781"}],"version-history":[{"count":2,"href":"https:\/\/isp4-sfe.infd.edu.ar\/sitio\/wp-json\/wp\/v2\/pages\/3781\/revisions"}],"predecessor-version":[{"id":3794,"href":"https:\/\/isp4-sfe.infd.edu.ar\/sitio\/wp-json\/wp\/v2\/pages\/3781\/revisions\/3794"}],"wp:attachment":[{"href":"https:\/\/isp4-sfe.infd.edu.ar\/sitio\/wp-json\/wp\/v2\/media?parent=3781"}],"curies":[{"name":"wp","href":"https:\/\/api.w.org\/{rel}","templated":true}]}}