{"id":3500,"date":"2022-06-18T22:27:26","date_gmt":"2022-06-19T01:27:26","guid":{"rendered":"https:\/\/isp4-sfe.infd.edu.ar\/sitio\/?page_id=3500"},"modified":"2022-06-18T22:27:27","modified_gmt":"2022-06-19T01:27:27","slug":"reglamento-academico-institucional","status":"publish","type":"page","link":"https:\/\/isp4-sfe.infd.edu.ar\/sitio\/reglamento-academico-institucional\/","title":{"rendered":"Reglamento Acad\u00e9mico Institucional"},"content":{"rendered":"\n<p><strong>Cap\u00edtulo 6: \u201cDe las Homologaciones\u201d<\/strong><\/p>\n\n\n\n<p>&nbsp;<strong>Art. 52:<\/strong> Ser\u00e1n de aplicaci\u00f3n las normas de este Cap\u00edtulo a los casos de estudiantes de Nivel Superior, sea \u00e9ste universitario o no universitario, que hayan aprobado Unidades Curriculares en carreras distintas, o de una misma carrera con distinto Plan de estudio\/Dise\u00f1o Curricular a la que pretende destinar la homologaci\u00f3n.<\/p>\n\n\n\n<p>&nbsp;<strong>Art. 53: <\/strong>Se homologar\u00e1n en forma directa todas las Unidades Curriculares pertenecientes al Campo de la Formaci\u00f3n General de las carreras de Profesorados elaborados de acuerdo a los Lineamientos emanados del Consejo Federal seg\u00fan la resoluci\u00f3n N\u00ba 24\/07 como as\u00ed tambi\u00e9n todas las Unidades Curriculares pertenecientes al Campo de la Formaci\u00f3n General de las Carreras de Tecnicaturas Superiores de una misma Familia profesional de acuerdo a los Lineamientos de las Resoluciones del Consejo Federal 470\/8, 209\/13, 229\/14, incluidas las Unidades Curriculares de Contenidos Variables (UCCV).<\/p>\n\n\n\n<p><strong>Art. 54: <\/strong>El criterio a aplicarse ser\u00e1 el de la vigencia de los contenidos, y de la bibliograf\u00eda, y no el de su antig\u00fcedad.<\/p>\n\n\n\n<p><strong>Art. 55: <\/strong>En la Fechas establecidas, deber\u00e1n presentar el formulario de solicitud, programa autenticado por la instituci\u00f3n de procedencia.<\/p>\n\n\n\n<p><strong>Art. 56: <\/strong>El procedimiento para la homologaci\u00f3n:<\/p>\n\n\n\n<p>-Es responsabilidad de los Jefes de carrera coordinar el procedimiento.<\/p>\n\n\n\n<p>El plazo para que el profesor de la unidad curricular se expida no superar\u00e1 los diez d\u00edas h\u00e1biles.<\/p>\n\n\n\n<p>-Los profesores especificar\u00e1n el formato del trabajo a cumplimentar por parte del estudiante (en los casos de homologaciones parciales).<\/p>\n\n\n\n<p>-Para completar las tramitaciones de homologaci\u00f3n parcial no podr\u00e1n exceder la finalizaci\u00f3n en el mes de septiembre.<\/p>\n\n\n\n<p>-El personal administrativo (de secci\u00f3n alumnos) confeccionar\u00e1 el registro de las homologaciones solicitadas en cada carrera el que quedar\u00e1 a disposici\u00f3n de jefes de carreras y regentes, en el caso de las homologaciones totales al finalizar el primer cuatrimestre y las homologaciones parciales en el mes de octubre.<\/p>\n\n\n\n<p><strong>Art. 57: <\/strong>Los pedidos de homologaciones ser\u00e1n presentados por las\/los estudiantes durante el per\u00edodo que anualmente fije el calendario jurisdiccional.<\/p>\n","protected":false},"excerpt":{"rendered":"<p>Cap\u00edtulo 6: \u201cDe las Homologaciones\u201d &nbsp;Art. 52: Ser\u00e1n de aplicaci\u00f3n las normas de este Cap\u00edtulo a los casos de estudiantes de Nivel Superior, sea \u00e9ste universitario o no universitario, que hayan aprobado Unidades Curriculares en carreras distintas, o de una misma carrera con distinto Plan de estudio\/Dise\u00f1o Curricular a la que pretende destinar la homologaci\u00f3n. &#8230; <a title=\"Reglamento Acad\u00e9mico Institucional\" class=\"read-more\" href=\"https:\/\/isp4-sfe.infd.edu.ar\/sitio\/reglamento-academico-institucional\/\" aria-label=\"More on Reglamento Acad\u00e9mico Institucional\">[+]<\/a><\/p>\n","protected":false},"author":1921,"featured_media":0,"parent":0,"menu_order":0,"comment_status":"closed","ping_status":"closed","template":"","meta":[],"acf":[],"_links":{"self":[{"href":"https:\/\/isp4-sfe.infd.edu.ar\/sitio\/wp-json\/wp\/v2\/pages\/3500"}],"collection":[{"href":"https:\/\/isp4-sfe.infd.edu.ar\/sitio\/wp-json\/wp\/v2\/pages"}],"about":[{"href":"https:\/\/isp4-sfe.infd.edu.ar\/sitio\/wp-json\/wp\/v2\/types\/page"}],"author":[{"embeddable":true,"href":"https:\/\/isp4-sfe.infd.edu.ar\/sitio\/wp-json\/wp\/v2\/users\/1921"}],"replies":[{"embeddable":true,"href":"https:\/\/isp4-sfe.infd.edu.ar\/sitio\/wp-json\/wp\/v2\/comments?post=3500"}],"version-history":[{"count":1,"href":"https:\/\/isp4-sfe.infd.edu.ar\/sitio\/wp-json\/wp\/v2\/pages\/3500\/revisions"}],"predecessor-version":[{"id":3501,"href":"https:\/\/isp4-sfe.infd.edu.ar\/sitio\/wp-json\/wp\/v2\/pages\/3500\/revisions\/3501"}],"wp:attachment":[{"href":"https:\/\/isp4-sfe.infd.edu.ar\/sitio\/wp-json\/wp\/v2\/media?parent=3500"}],"curies":[{"name":"wp","href":"https:\/\/api.w.org\/{rel}","templated":true}]}}