{"id":3497,"date":"2022-06-18T22:25:58","date_gmt":"2022-06-19T01:25:58","guid":{"rendered":"https:\/\/isp4-sfe.infd.edu.ar\/sitio\/?page_id=3497"},"modified":"2023-03-03T23:57:36","modified_gmt":"2023-03-04T02:57:36","slug":"generacion-de-ddjj-2022","status":"publish","type":"page","link":"https:\/\/isp4-sfe.infd.edu.ar\/sitio\/generacion-de-ddjj-2022\/","title":{"rendered":"Generaci\u00f3n de DDJJ | Familiares a cargo"},"content":{"rendered":"\n<p>Informamos que hasta el 28\/02\/2023 estar\u00e1 disponible desde la INTRANET&nbsp;provincial la generaci\u00f3n de la DDJJ de Familiares a cargo 2023.<\/p>\n\n\n\n<p>La misma deber\u00e1 ser generada por todo el personal escolar (Docente y Asistentes Escolares) con desempe\u00f1o en establecimientos educativos de gesti\u00f3n oficial y privada.<\/p>\n\n\n\n<p>Debe enviarla aunque no existan cambios en referencia a la DDJJ enviada&nbsp;en 2022.<\/p>\n\n\n\n<p>En esta oportunidad debe verificar los datos de familiares declarados y consignar un n\u00famero de tel\u00e9fono de contacto para aquellos familiares mayores de 18 a\u00f1os.<\/p>\n\n\n\n<p><a href=\"https:\/\/www.santafe.gov.ar\/index.php\/educacion\/content\/download\/265990\/1391313\/file\/Certificado%20m%C3%A9dico.pdf\" target=\"_blank\" rel=\"noreferrer noopener\">&#x1f449;<\/a> Para realizarla deben ingresar a:&nbsp;<a href=\"https:\/\/www.santafe.gob.ar\/\" target=\"_blank\" rel=\"noreferrer noopener\">https:\/\/www.santafe.gob.ar\/<\/a>&nbsp;&nbsp;con su usuario y contrase\u00f1a de intranet.<\/p>\n\n\n\n<p><a href=\"https:\/\/www.santafe.gov.ar\/index.php\/educacion\/content\/download\/265990\/1391313\/file\/Certificado%20m%C3%A9dico.pdf\" target=\"_blank\" rel=\"noreferrer noopener\">&#x1f449;<\/a> En el caso de haber olvidado su contrase\u00f1a hacer clic en _\u00bbOlvidaste tu contrase\u00f1a\u00bb _ y\/o comunicarse al 0800-777-0801 que figura en la misma p\u00e1gina.<\/p>\n\n\n\n<p><a href=\"https:\/\/www.santafe.gov.ar\/index.php\/educacion\/content\/download\/265990\/1391313\/file\/Certificado%20m%C3%A9dico.pdf\" target=\"_blank\" rel=\"noreferrer noopener\">&#x1f449; <\/a>En caso de no tener usuario de intranet deber\u00e1 registrarse primero desde este link: <a href=\"https:\/\/www.santafe.gob.ar\/idciudadana\/registro\/\" target=\"_blank\" rel=\"noreferrer noopener\">https:\/\/www.santafe.gob.ar\/idciudadana\/registro\/<\/a><\/p>\n\n\n\n<p><strong>Una vez que gener\u00f3 la DDJJ 2023 debe presentarla en formato papel en nuestro instituto, hasta el 01\/04\/2023.<\/strong><\/p>\n\n\n\n<p><strong>Aclaraci\u00f3n:<\/strong><\/p>\n\n\n\n<p>&#x25fe; Si no posee familiares a cargo tambi\u00e9n debe generar la DDJJ por sistema haciendo clic en el bot\u00f3n \u00abENVIAR DDJJ (sin familiares)\u00bb.<\/p>\n\n\n\n<p>&#x25fe; En estos casos no es necesario presentarla en formato papel en ning\u00fan lugar.<\/p>\n\n\n\n<p><strong>Puede descargar el formulario en formato pdf aqu\u00ed:<\/strong> &#x1f449; <a href=\"https:\/\/isp4-sfe.infd.edu.ar\/sitio\/wp-content\/uploads\/2023\/03\/Formulario-DDJJ-Familiares.pdf\" target=\"_blank\" rel=\"noreferrer noopener\">Formulario DDJJ &#8211; Familiares a cargo<\/a><\/p>\n","protected":false},"excerpt":{"rendered":"<p>Informamos que hasta el 28\/02\/2023 estar\u00e1 disponible desde la INTRANET&nbsp;provincial la generaci\u00f3n de la DDJJ de Familiares a cargo 2023. La misma deber\u00e1 ser generada por todo el personal escolar (Docente y Asistentes Escolares) con desempe\u00f1o en establecimientos educativos de gesti\u00f3n oficial y privada. Debe enviarla aunque no existan cambios en referencia a la DDJJ &#8230; <a title=\"Generaci\u00f3n de DDJJ | Familiares a cargo\" class=\"read-more\" href=\"https:\/\/isp4-sfe.infd.edu.ar\/sitio\/generacion-de-ddjj-2022\/\" aria-label=\"More on Generaci\u00f3n de DDJJ | Familiares a cargo\">[+]<\/a><\/p>\n","protected":false},"author":1921,"featured_media":0,"parent":0,"menu_order":0,"comment_status":"closed","ping_status":"closed","template":"","meta":[],"acf":[],"_links":{"self":[{"href":"https:\/\/isp4-sfe.infd.edu.ar\/sitio\/wp-json\/wp\/v2\/pages\/3497"}],"collection":[{"href":"https:\/\/isp4-sfe.infd.edu.ar\/sitio\/wp-json\/wp\/v2\/pages"}],"about":[{"href":"https:\/\/isp4-sfe.infd.edu.ar\/sitio\/wp-json\/wp\/v2\/types\/page"}],"author":[{"embeddable":true,"href":"https:\/\/isp4-sfe.infd.edu.ar\/sitio\/wp-json\/wp\/v2\/users\/1921"}],"replies":[{"embeddable":true,"href":"https:\/\/isp4-sfe.infd.edu.ar\/sitio\/wp-json\/wp\/v2\/comments?post=3497"}],"version-history":[{"count":4,"href":"https:\/\/isp4-sfe.infd.edu.ar\/sitio\/wp-json\/wp\/v2\/pages\/3497\/revisions"}],"predecessor-version":[{"id":4049,"href":"https:\/\/isp4-sfe.infd.edu.ar\/sitio\/wp-json\/wp\/v2\/pages\/3497\/revisions\/4049"}],"wp:attachment":[{"href":"https:\/\/isp4-sfe.infd.edu.ar\/sitio\/wp-json\/wp\/v2\/media?parent=3497"}],"curies":[{"name":"wp","href":"https:\/\/api.w.org\/{rel}","templated":true}]}}