{"id":3489,"date":"2022-06-18T22:22:18","date_gmt":"2022-06-19T01:22:18","guid":{"rendered":"https:\/\/isp4-sfe.infd.edu.ar\/sitio\/?page_id=3489"},"modified":"2022-08-05T21:00:10","modified_gmt":"2022-08-06T00:00:10","slug":"declaracion-jurada-y-planificaciones","status":"publish","type":"page","link":"https:\/\/isp4-sfe.infd.edu.ar\/sitio\/declaracion-jurada-y-planificaciones\/","title":{"rendered":"Declaraci\u00f3n Jurada de Cargos y Horas C\u00e1tedra"},"content":{"rendered":"\n<p>Informamos que, conforme a lo que establece la Resoluci\u00f3n 750\/22, se ha aprobado el formulario digital \u201cDeclaraci\u00f3n Jurada de Cargos y Horas C\u00e1tedra\u201d.<\/p>\n\n\n\n<p>Por tal motivo, <strong>a partir del d\u00eda 1\u00ba de agosto de 2022<\/strong>, todos los agentes deber\u00e1n registrar su declaraci\u00f3n jurada, la cual estar\u00e1<br>disponible en la aplicaci\u00f3n MI LEGAJO, en el m\u00f3dulo DDJJ Cargos\/Horas.<\/p>\n\n\n\n<p>Todo el personal docente y\/ o Asistente Escolar con situaci\u00f3n de revista titular, interino y\/o reemplazante que se desempe\u00f1e en escuelas p\u00fablicas de gesti\u00f3n oficial o privada de la Provincia de Santa Fe, deber\u00e1 obligatoriamente confeccionar su Declaraci\u00f3n Jurada con todos los cargos y horas c\u00e1tedra que desempe\u00f1e en la jurisdicci\u00f3n y en otros \u00e1mbitos, nacional, provincial, municipal, comunal y\/o privado, incluyendo detalle de horarios.<\/p>\n\n\n\n<p>Previo a la toma de posesi\u00f3n de un interinato y\/o suplencia o ante requerimiento de autoridad superior deber\u00e1 imprimirla, firmarla y<br>certificarla por el organismo donde cumpla funciones.<\/p>\n\n\n\n<p>El personal directivo podr\u00e1 consultar las declaraciones juradas en la opci\u00f3n correspondiente en el SIGAE.<\/p>\n\n\n\n<p>Ante cualquier inconveniente para acceder o generar la DDJJ los agentes podr\u00e1n comunicarse a la Mesa de Orientaci\u00f3n y Servicios 0800 &#8211; 555 -74423<\/p>\n\n\n\n<p>-Opci\u00f3n 5 &#8211; RRHH Incompatibilidad Docente<\/p>\n\n\n\n<p>-Opci\u00f3n 6 &#8211; Otras Opciones Mesa de Orientaci\u00f3n<\/p>\n\n\n\n<p>A su vez los establecimientos educativos podr\u00e1n dirigir sus consultas al personal de RRHH de la Delegaci\u00f3n Regional correspondiente.<\/p>\n\n\n\n<p><a href=\"https:\/\/www.santafe.gob.ar\/index.php\/educacion\/content\/download\/268175\/1401070\/file\/Res%20750-22%20DDJJ%20Horas%20y%20Cargos.pdf\" target=\"_blank\" rel=\"noreferrer noopener\">Para acceder a la Resoluci\u00f3n 750\/22 haga clic aqu\u00ed<\/a><\/p>\n\n\n\n<p><a href=\"https:\/\/www.santafe.gob.ar\/index.php\/educacion\/content\/download\/268879\/1404152\/file\/Manual%20de%20Usuario%20-%20DDJJ%20CARGOS%20-%20HORAS%20-%20Mi%20LEGAJO.pdf\" target=\"_blank\" rel=\"noreferrer noopener\">Para acceder al manual de usuario haga clic aqu\u00ed<\/a><\/p>\n\n\n\n<p>Atento al volumen de llamadas recibidas respecto a la generaci\u00f3n de la Declaraci\u00f3n Jurada de Cargos y Horas C\u00e1tedra en formato digital desde el aplicativo MI LEGAJO, y a los efectos de garantizar la agilidad del proceso y la celeridad en la respuesta, se solicita a ustedes que las consultas referidas a este tema, sean dirigidas en primeras instancia al referente de la Delegaci\u00f3n Regional a la que pertenece el establecimiento educativo quien, en caso de considerarlo oportuno, trasladar\u00e1 la misma al personal de Recursos Humanos de la Sede Central.<\/p>\n\n\n\n<p>Se detallan a continuaci\u00f3n los datos de los contactos correspondientes.<\/p>\n\n\n\n<p>Delegaci\u00f3n Regional<\/p>\n\n\n\n<p>Nombre de Contacto<\/p>\n\n\n\n<p>Correo Electr\u00f3nico<\/p>\n\n\n\n<p>Tel\u00e9fonos<\/p>\n\n\n\n<p>Regional II<\/p>\n\n\n\n<p>Mar\u00eda Silvia Nardelli<\/p>\n\n\n\n<p>Jorge Luis Micheloud<\/p>\n\n\n\n<p><a href=\"mailto:rrhhr2@santafe.gov.ar\" target=\"_blank\" rel=\"noreferrer noopener\">rrhhr2@santafe.gov.ar<\/a><\/p>\n\n\n\n<p>Interno: 102<\/p>\n","protected":false},"excerpt":{"rendered":"<p>Informamos que, conforme a lo que establece la Resoluci\u00f3n 750\/22, se ha aprobado el formulario digital \u201cDeclaraci\u00f3n Jurada de Cargos y Horas C\u00e1tedra\u201d. Por tal motivo, a partir del d\u00eda 1\u00ba de agosto de 2022, todos los agentes deber\u00e1n registrar su declaraci\u00f3n jurada, la cual estar\u00e1disponible en la aplicaci\u00f3n MI LEGAJO, en el m\u00f3dulo DDJJ &#8230; <a title=\"Declaraci\u00f3n Jurada de Cargos y Horas C\u00e1tedra\" class=\"read-more\" href=\"https:\/\/isp4-sfe.infd.edu.ar\/sitio\/declaracion-jurada-y-planificaciones\/\" aria-label=\"More on Declaraci\u00f3n Jurada de Cargos y Horas C\u00e1tedra\">[+]<\/a><\/p>\n","protected":false},"author":1921,"featured_media":0,"parent":0,"menu_order":0,"comment_status":"closed","ping_status":"closed","template":"","meta":[],"acf":[],"_links":{"self":[{"href":"https:\/\/isp4-sfe.infd.edu.ar\/sitio\/wp-json\/wp\/v2\/pages\/3489"}],"collection":[{"href":"https:\/\/isp4-sfe.infd.edu.ar\/sitio\/wp-json\/wp\/v2\/pages"}],"about":[{"href":"https:\/\/isp4-sfe.infd.edu.ar\/sitio\/wp-json\/wp\/v2\/types\/page"}],"author":[{"embeddable":true,"href":"https:\/\/isp4-sfe.infd.edu.ar\/sitio\/wp-json\/wp\/v2\/users\/1921"}],"replies":[{"embeddable":true,"href":"https:\/\/isp4-sfe.infd.edu.ar\/sitio\/wp-json\/wp\/v2\/comments?post=3489"}],"version-history":[{"count":3,"href":"https:\/\/isp4-sfe.infd.edu.ar\/sitio\/wp-json\/wp\/v2\/pages\/3489\/revisions"}],"predecessor-version":[{"id":3675,"href":"https:\/\/isp4-sfe.infd.edu.ar\/sitio\/wp-json\/wp\/v2\/pages\/3489\/revisions\/3675"}],"wp:attachment":[{"href":"https:\/\/isp4-sfe.infd.edu.ar\/sitio\/wp-json\/wp\/v2\/media?parent=3489"}],"curies":[{"name":"wp","href":"https:\/\/api.w.org\/{rel}","templated":true}]}}