{"id":3481,"date":"2022-06-18T22:24:25","date_gmt":"2022-06-19T01:24:25","guid":{"rendered":"https:\/\/isp4-sfe.infd.edu.ar\/sitio\/?page_id=3481"},"modified":"2022-06-18T22:24:26","modified_gmt":"2022-06-19T01:24:26","slug":"nuevo-procedimiento-para-solicitar-licencias-medicas","status":"publish","type":"page","link":"https:\/\/isp4-sfe.infd.edu.ar\/sitio\/nuevo-procedimiento-para-solicitar-licencias-medicas\/","title":{"rendered":"Nuevo Procedimiento para solicitar Licencias M\u00e9dicas"},"content":{"rendered":"\n<p>Los ponemos en conocimiento de las nuevas actualizaciones del&nbsp;procedimiento de Solicitud de Licencias M\u00e9dicas Web.<\/p>\n\n\n\n<p>Con el fin de optimizar dicho tr\u00e1mite a partir de la Resoluci\u00f3n&nbsp;N\u00ba&nbsp;2084-21 se han implementado cambios en el mecanismo para la solicitud&nbsp;y aprobaci\u00f3n de las licencias m\u00e9dicas que entrar\u00e1 en vigencia el&nbsp;d\u00eda 30-12-2021.<\/p>\n\n\n\n<p>Para la gesti\u00f3n de los establecimientos educativos las novedades son&nbsp;las siguientes:<\/p>\n\n\n\n<p>El agente que solicita licencia deber\u00e1 adjuntar el certificado&nbsp;m\u00e9dico en la aplicaci\u00f3n Web y presentarlo en el establecimiento&nbsp;debidamente estampillado (si se ha ausentado en m\u00e1s de un&nbsp;establecimiento, deber\u00e1 entregar el certificado original en un&nbsp;establecimiento y en los otros una copia del mismo, autenticada por el&nbsp;director donde se consigne en qu\u00e9 escuela obra el original), no&nbsp;siendo necesario la presentaci\u00f3n del formulario LM.<\/p>\n\n\n\n<p>Para cumplimentar el procedimiento de aprobaci\u00f3n deber\u00e1 visualizarse&nbsp;el certificado desde SARH y constatar previamente que contiene la&nbsp;fecha de inicio y fin de la licencia y el c\u00f3digo de patolog\u00eda CIE10,<br>para lo cual podr\u00e1 descargar una gu\u00eda r\u00e1pida de visualizaci\u00f3n del&nbsp;certificado aqu\u00ed<\/p>\n\n\n\n<p><a href=\"https:\/\/www.santafe.gov.ar\/index.php\/educacion\/content\/download\/265990\/1391313\/file\/Certificado%20m%C3%A9dico.pdf\" target=\"_blank\" rel=\"noreferrer noopener\">&#x1f449; https:\/\/www.santafe.gov.ar\/index.php\/educacion\/content\/download\/265990\/1391313\/file\/Certificado%20m%C3%A9dico.pdf<\/a><\/p>\n\n\n\n<p>y un diagrama resumen del procedimiento completo&nbsp;para su mejor comprensi\u00f3n aqu\u00ed<\/p>\n\n\n\n<p><a href=\"https:\/\/www.santafe.gov.ar\/index.php\/educacion\/content\/download\/265992\/1391319\/file\/G?afico%20Procedimiento%20%20Licencias%20M%C3%A9dicas%20%20Resoluci%C3%B3n%20N%C2%B02084-21.jpg\" target=\"_blank\" rel=\"noreferrer noopener\">&#x1f449; https:\/\/www.santafe.gov.ar\/index.php\/educacion\/content\/download\/265992\/1391319\/file\/G?afico%20Procedimiento%20%20Licencias%20M%C3%A9dicas%20%20Resoluci%C3%B3n%20N%C2%B02084-21.jpg<\/a><\/p>\n\n\n\n<p>Los invitamos a ver un video&nbsp;instructivo del procedimiento paso a paso para una solicitar de&nbsp;licencia m\u00e9dica desde aqu\u00ed<\/p>\n\n\n\n<p><a href=\"https:\/\/www.youtube.com\/watch?v=WUhulvUtu8A\" target=\"_blank\" rel=\"noreferrer noopener\">&#x1f449; https:\/\/www.youtube.com\/watch?v=WUhulvUtu8A<\/a><\/p>\n\n\n\n<p>Con respecto al personal escolar, el agente deber\u00e1 adjuntar en la&nbsp;aplicaci\u00f3n web el mismo certificado m\u00e9dico y presentarlo en formato&nbsp;papel en el establecimiento en un plazo m\u00e1ximo de 72 horas de haber&nbsp;comunicado la ausencia. (si se ha ausentado en m\u00e1s de un&nbsp;Establecimiento, deber\u00e1 entregar el certificado original en un&nbsp;establecimiento y en los otros una copia del mismo, autenticada por el&nbsp;director donde se consigne en qu\u00e9 escuela obra el original). No&nbsp;presentar\u00e1 el formulario LM ya que a partir de estos cambios se&nbsp;genera un nuevo formulario de manera autom\u00e1tica denominando SLM&nbsp;&nbsp;\u201cSolicitud de Licencias M\u00e9dicas\u201d que podr\u00e1 ser visualizado y&nbsp;descargado por el agente para su resguardo sin ser necesario que est\u00e9&nbsp;firmado por el m\u00e9dico tratante.<\/p>\n\n\n\n<p>No deber\u00e1n enviar el certificado m\u00e9dico y el formulario LM a los&nbsp;correos mencionados en la Resoluci\u00f3n N\u00ba 075\/2020 ya que la misma&nbsp;queda sin efecto a partir de la nueva Resoluci\u00f3n N\u00ba 2084-21.<br>Encontrar\u00e1n toda la informaci\u00f3n referente al nuevo procedimiento en el Sub-Portal de Educaci\u00f3n \/ Gesti\u00f3n Escolar \/ Solicitud licencias m\u00e9dicas<\/p>\n\n\n\n<p><a href=\"https:\/\/www.santafe.gov.ar\/index.php\/educacion\/guia\/get_tree_by_node?node_id=226962\" target=\"_blank\" rel=\"noreferrer noopener\">&#x1f449; https:\/\/www.santafe.gov.ar\/index.php\/educacion\/guia\/get_tree_by_node?node_id=226962<\/a><\/p>\n\n\n\n<p>desde donde podr\u00e1n contactarse con Salud Laboral Escolar&nbsp;a fin de resolver inconvenientes, dejando sin efecto los correos&nbsp;electr\u00f3nicos informados en la circular N\u00ba 023 del 23\/08\/2021.<\/p>\n\n\n\n<p>Los invitamos a seguir sum\u00e1ndose a un trabajo responsable, y&nbsp;comprometido en favor de la educaci\u00f3n.<\/p>\n","protected":false},"excerpt":{"rendered":"<p>Los ponemos en conocimiento de las nuevas actualizaciones del&nbsp;procedimiento de Solicitud de Licencias M\u00e9dicas Web. Con el fin de optimizar dicho tr\u00e1mite a partir de la Resoluci\u00f3n&nbsp;N\u00ba&nbsp;2084-21 se han implementado cambios en el mecanismo para la solicitud&nbsp;y aprobaci\u00f3n de las licencias m\u00e9dicas que entrar\u00e1 en vigencia el&nbsp;d\u00eda 30-12-2021. Para la gesti\u00f3n de los establecimientos educativos &#8230; <a title=\"Nuevo Procedimiento para solicitar Licencias M\u00e9dicas\" class=\"read-more\" href=\"https:\/\/isp4-sfe.infd.edu.ar\/sitio\/nuevo-procedimiento-para-solicitar-licencias-medicas\/\" aria-label=\"More on Nuevo Procedimiento para solicitar Licencias M\u00e9dicas\">[+]<\/a><\/p>\n","protected":false},"author":1921,"featured_media":0,"parent":0,"menu_order":0,"comment_status":"closed","ping_status":"closed","template":"","meta":[],"acf":[],"_links":{"self":[{"href":"https:\/\/isp4-sfe.infd.edu.ar\/sitio\/wp-json\/wp\/v2\/pages\/3481"}],"collection":[{"href":"https:\/\/isp4-sfe.infd.edu.ar\/sitio\/wp-json\/wp\/v2\/pages"}],"about":[{"href":"https:\/\/isp4-sfe.infd.edu.ar\/sitio\/wp-json\/wp\/v2\/types\/page"}],"author":[{"embeddable":true,"href":"https:\/\/isp4-sfe.infd.edu.ar\/sitio\/wp-json\/wp\/v2\/users\/1921"}],"replies":[{"embeddable":true,"href":"https:\/\/isp4-sfe.infd.edu.ar\/sitio\/wp-json\/wp\/v2\/comments?post=3481"}],"version-history":[{"count":1,"href":"https:\/\/isp4-sfe.infd.edu.ar\/sitio\/wp-json\/wp\/v2\/pages\/3481\/revisions"}],"predecessor-version":[{"id":3495,"href":"https:\/\/isp4-sfe.infd.edu.ar\/sitio\/wp-json\/wp\/v2\/pages\/3481\/revisions\/3495"}],"wp:attachment":[{"href":"https:\/\/isp4-sfe.infd.edu.ar\/sitio\/wp-json\/wp\/v2\/media?parent=3481"}],"curies":[{"name":"wp","href":"https:\/\/api.w.org\/{rel}","templated":true}]}}