{"id":2939,"date":"2022-02-18T13:46:55","date_gmt":"2022-02-18T16:46:55","guid":{"rendered":"https:\/\/isp4-sfe.infd.edu.ar\/sitio\/?page_id=2939"},"modified":"2025-12-03T21:42:23","modified_gmt":"2025-12-04T00:42:23","slug":"referencia-horaria","status":"publish","type":"page","link":"https:\/\/isp4-sfe.infd.edu.ar\/sitio\/referencia-horaria\/","title":{"rendered":""},"content":{"rendered":"\n<h2 class=\"wp-block-heading has-text-color\" style=\"color:#097e8f\">Referencia Horaria<\/h2>\n\n\n\n<hr class=\"wp-block-separator has-text-color has-alpha-channel-opacity has-background\" style=\"background-color:#097e8f;color:#097e8f\"\/>\n\n\n\n<figure class=\"wp-block-image size-large\"><img decoding=\"async\" loading=\"lazy\" width=\"394\" height=\"488\" src=\"https:\/\/isp4-sfe.infd.edu.ar\/sitio\/wp-content\/uploads\/2022\/02\/Referencia-horaria-3.png\" alt=\"\" class=\"wp-image-3074\"\/><\/figure>\n\n\n\n<p>A continuaci\u00f3n, se muestran los turnos por Carrera en los que se desarrollar\u00e1n las clases:<\/p>\n\n\n\n<figure class=\"wp-block-image size-full\"><img decoding=\"async\" loading=\"lazy\" width=\"1086\" height=\"1041\" src=\"https:\/\/isp4-sfe.infd.edu.ar\/sitio\/wp-content\/uploads\/2025\/12\/Turnos-por-carrera_2025.png\" alt=\"\" class=\"wp-image-5660\" srcset=\"https:\/\/isp4-sfe.infd.edu.ar\/sitio\/wp-content\/uploads\/2025\/12\/Turnos-por-carrera_2025.png 1086w, https:\/\/isp4-sfe.infd.edu.ar\/sitio\/wp-content\/uploads\/2025\/12\/Turnos-por-carrera_2025-1000x959.png 1000w, https:\/\/isp4-sfe.infd.edu.ar\/sitio\/wp-content\/uploads\/2025\/12\/Turnos-por-carrera_2025-768x736.png 768w\" sizes=\"(max-width: 1086px) 100vw, 1086px\" \/><\/figure>\n\n\n\n<p>&#x26a0; <strong>A MEDIDA QUE SE TERMINEN DE CONCRETAR LOS HORARIOS, LOS IREMOS PUBLICANDO. POR ELLO ES NECESARIO QUE VISITEN LA P\u00c1GINA HABITUALMENTE<\/strong><\/p>\n\n\n\n<p class=\"has-text-align-left\"><strong><span style=\"color:#097e8f\" class=\"has-inline-color\">A TENER EN CUENTA!!!<\/span><\/strong><\/p>\n\n\n\n<p>Los horarios se encuentran organizados por A\u00f1o\/Divisi\u00f3n de Cursado. Para visualizarlos deber\u00e1n hacer clic en la pesta\u00f1a correspondiente como muestra la siguiente imagen:<\/p>\n\n\n\n<figure class=\"wp-block-image size-large\"><img decoding=\"async\" loading=\"lazy\" width=\"654\" height=\"55\" src=\"https:\/\/isp4-sfe.infd.edu.ar\/sitio\/wp-content\/uploads\/2022\/02\/horarios-guia1.png\" alt=\"\" class=\"wp-image-2937\"\/><\/figure>\n\n\n\n<p><em><strong>ACLARACI\u00d3N: <\/strong>Las pesta\u00f1as encuentran al final o comienzo de la planilla, esto depende del dispositivo desde donde se acceda.<\/em><\/p>\n\n\n\n<div class=\"wp-block-buttons is-layout-flex\">\n<div class=\"wp-block-button\"><a class=\"wp-block-button__link has-background wp-element-button\" href=\"https:\/\/isp4-sfe.infd.edu.ar\/sitio\/horarios-de-clase\/\" style=\"background-color:#097e8f\">ACCEDER A LOS HORARIOS<\/a><\/div>\n<\/div>\n","protected":false},"excerpt":{"rendered":"<p>Referencia Horaria A continuaci\u00f3n, se muestran los turnos por Carrera en los que se desarrollar\u00e1n las clases: &#x26a0; A MEDIDA QUE SE TERMINEN DE CONCRETAR LOS HORARIOS, LOS IREMOS PUBLICANDO. POR ELLO ES NECESARIO QUE VISITEN LA P\u00c1GINA HABITUALMENTE A TENER EN CUENTA!!! Los horarios se encuentran organizados por A\u00f1o\/Divisi\u00f3n de Cursado. Para visualizarlos deber\u00e1n &#8230; <a title=\"\" class=\"read-more\" href=\"https:\/\/isp4-sfe.infd.edu.ar\/sitio\/referencia-horaria\/\" aria-label=\"More on \">[+]<\/a><\/p>\n","protected":false},"author":1921,"featured_media":0,"parent":0,"menu_order":0,"comment_status":"closed","ping_status":"closed","template":"","meta":[],"acf":[],"_links":{"self":[{"href":"https:\/\/isp4-sfe.infd.edu.ar\/sitio\/wp-json\/wp\/v2\/pages\/2939"}],"collection":[{"href":"https:\/\/isp4-sfe.infd.edu.ar\/sitio\/wp-json\/wp\/v2\/pages"}],"about":[{"href":"https:\/\/isp4-sfe.infd.edu.ar\/sitio\/wp-json\/wp\/v2\/types\/page"}],"author":[{"embeddable":true,"href":"https:\/\/isp4-sfe.infd.edu.ar\/sitio\/wp-json\/wp\/v2\/users\/1921"}],"replies":[{"embeddable":true,"href":"https:\/\/isp4-sfe.infd.edu.ar\/sitio\/wp-json\/wp\/v2\/comments?post=2939"}],"version-history":[{"count":17,"href":"https:\/\/isp4-sfe.infd.edu.ar\/sitio\/wp-json\/wp\/v2\/pages\/2939\/revisions"}],"predecessor-version":[{"id":5661,"href":"https:\/\/isp4-sfe.infd.edu.ar\/sitio\/wp-json\/wp\/v2\/pages\/2939\/revisions\/5661"}],"wp:attachment":[{"href":"https:\/\/isp4-sfe.infd.edu.ar\/sitio\/wp-json\/wp\/v2\/media?parent=2939"}],"curies":[{"name":"wp","href":"https:\/\/api.w.org\/{rel}","templated":true}]}}