{"id":2508,"date":"2021-10-05T11:41:38","date_gmt":"2021-10-05T14:41:38","guid":{"rendered":"https:\/\/isp4-sfe.infd.edu.ar\/sitio\/?page_id=2508"},"modified":"2026-04-14T11:21:15","modified_gmt":"2026-04-14T14:21:15","slug":"formularios-2","status":"publish","type":"page","link":"https:\/\/isp4-sfe.infd.edu.ar\/sitio\/formularios-2\/","title":{"rendered":""},"content":{"rendered":"\n<h2 class=\"wp-block-heading has-text-color\" style=\"color:#e69c1b\">Formularios para el Personal<\/h2>\n\n\n\n<hr class=\"wp-block-separator alignfull has-text-color has-alpha-channel-opacity has-background\" style=\"background-color:#e69c1b;color:#e69c1b\"\/>\n\n\n\n<figure class=\"wp-block-table is-style-stripes\"><table><tbody><tr><td>Comunicaci\u00f3n de Ausencia<\/td><td><a href=\"https:\/\/docs.google.com\/forms\/d\/1_CWtRE9NY2EV7nBKMwnggliAy8SNN_sDq3TEKQo6wcc\/viewform?edit_requested=true\" target=\"_blank\" rel=\"noreferrer noopener\">Ingresar<\/a><\/td><\/tr><tr><td>Planillas de Inscripci\u00f3n a Interinatos y Suplencias<\/td><td><a rel=\"noreferrer noopener\" href=\"http:\/\/www.santafe.gov.ar\/index.php\/educacion\/content\/download\/168945\/819918\/file\/SUPERIOR%20inscripciones%20a%20suplencias.pdf\" target=\"_blank\">Descargar<\/a><\/td><\/tr><tr><td>Planilla de Licencias (LM \u2013 LA \u2013 LM AFE)<\/td><td><a href=\"https:\/\/isp4-sfe.infd.edu.ar\/sitio\/acceso-a-planilla-de-licencias\/\" target=\"_blank\" rel=\"noreferrer noopener\">Ingresar<\/a><\/td><\/tr><tr><td>Formulario IA<\/td><td><a href=\"https:\/\/www.santafe.gov.ar\/index.php\/educacion\/content\/download\/196051\/952869\/file\/IA-01.pdf\" target=\"_blank\" rel=\"noreferrer noopener\">Descargar<\/a><\/td><\/tr><tr><td>Constancia Actividad Simultanea<\/td><td><a href=\"https:\/\/isp4-sfe.infd.edu.ar\/sitio\/wp-content\/uploads\/2024\/03\/art-30.pdf\" target=\"_blank\" rel=\"noreferrer noopener\">Descargar<\/a><\/td><\/tr><tr><td>Declaraci\u00f3n Jurada de Horarios Institucionales &#8211; formato pdf<\/td><td><a href=\"https:\/\/isp4-sfe.infd.edu.ar\/sitio\/wp-content\/uploads\/2023\/04\/Declaracion-Jurada-Horarios-2023.pdf\" target=\"_blank\" rel=\"noreferrer noopener\">Descargar<\/a><\/td><\/tr><tr><td>Declaraci\u00f3n Jurada de Horarios Institucionales &#8211; formato editable<\/td><td><a href=\"https:\/\/isp4-sfe.infd.edu.ar\/sitio\/wp-content\/uploads\/2023\/08\/Declaracion-Jurada-Horarios.xlsx\" target=\"_blank\" rel=\"noreferrer noopener\">Descargar<\/a><\/td><\/tr><tr><td>Declaraci\u00f3n Jurada Asignaci\u00f3n Familiar<\/td><td><a href=\"https:\/\/isp4-sfe.infd.edu.ar\/sitio\/wp-content\/uploads\/2026\/04\/DECLARACION-JURADA-ASIG.FAMILIAR-2026.pdf\" target=\"_blank\" rel=\"noreferrer noopener\">Descargar<\/a><\/td><\/tr><tr><td>Declaraci\u00f3n Jurada In Itinere<\/td><td><a href=\"https:\/\/isp4-sfe.infd.edu.ar\/sitio\/wp-content\/uploads\/2025\/04\/DECLARACION-JURADA-IN-ITINERE.pdf\" target=\"_blank\" rel=\"noreferrer noopener\">Descargar<\/a><\/td><\/tr><tr><td>Planilla de Regularidad &#8211; Promociones &#8211; Libres (Control de Parciales) formato pdf<\/td><td><a href=\"https:\/\/isp4-sfe.infd.edu.ar\/sitio\/wp-content\/uploads\/2023\/08\/Planilla-Control-Parciales.pdf\" target=\"_blank\" rel=\"noreferrer noopener\">Descargar<\/a><\/td><\/tr><tr><td>Planilla de Regularidad &#8211; Promociones &#8211; Libres (Control de Parciales) formato editable<\/td><td><a href=\"https:\/\/isp4-sfe.infd.edu.ar\/sitio\/wp-content\/uploads\/2023\/08\/Planilla-de-Regularidad-Promociones-Libres.xlsx\" target=\"_blank\" rel=\"noreferrer noopener\">Descargar<\/a><\/td><\/tr><tr><td>Esquema para proyecto de tutor\u00eda<\/td><td><a rel=\"noreferrer noopener\" href=\"http:\/\/ispn4-santafe.edu.ar\/2018\/Esquema%20de%20proyecto%20tutoria.pdf\" target=\"_blank\">Descargar<\/a><\/td><\/tr><tr><td>Planilla de Itinerarios<\/td><td><a href=\"https:\/\/isp4-sfe.infd.edu.ar\/sitio\/wp-content\/uploads\/2022\/04\/Planilla-de-Intinerarios.pdf\" target=\"_blank\" rel=\"noreferrer noopener\">Descargar<\/a><\/td><\/tr><tr><td>Formulario Cambio de Turno<\/td><td><a href=\"https:\/\/isp4-sfe.infd.edu.ar\/sitio\/wp-content\/uploads\/2022\/07\/FORMULARIO-CAMBIO-DE-TURNO-ISP-N%C2%B04.pdf\" target=\"_blank\" rel=\"noreferrer noopener\">Descargar<\/a><\/td><\/tr><\/tbody><\/table><\/figure>\n\n\n\n<p><\/p>\n","protected":false},"excerpt":{"rendered":"<p>Formularios para el Personal Comunicaci\u00f3n de Ausencia Ingresar Planillas de Inscripci\u00f3n a Interinatos y Suplencias Descargar Planilla de Licencias (LM \u2013 LA \u2013 LM AFE) Ingresar Formulario IA Descargar Constancia Actividad Simultanea Descargar Declaraci\u00f3n Jurada de Horarios Institucionales &#8211; formato pdf Descargar Declaraci\u00f3n Jurada de Horarios Institucionales &#8211; formato editable Descargar Declaraci\u00f3n Jurada Asignaci\u00f3n Familiar &#8230; <a title=\"\" class=\"read-more\" href=\"https:\/\/isp4-sfe.infd.edu.ar\/sitio\/formularios-2\/\" aria-label=\"More on \">[+]<\/a><\/p>\n","protected":false},"author":1921,"featured_media":0,"parent":0,"menu_order":0,"comment_status":"closed","ping_status":"closed","template":"","meta":[],"acf":[],"_links":{"self":[{"href":"https:\/\/isp4-sfe.infd.edu.ar\/sitio\/wp-json\/wp\/v2\/pages\/2508"}],"collection":[{"href":"https:\/\/isp4-sfe.infd.edu.ar\/sitio\/wp-json\/wp\/v2\/pages"}],"about":[{"href":"https:\/\/isp4-sfe.infd.edu.ar\/sitio\/wp-json\/wp\/v2\/types\/page"}],"author":[{"embeddable":true,"href":"https:\/\/isp4-sfe.infd.edu.ar\/sitio\/wp-json\/wp\/v2\/users\/1921"}],"replies":[{"embeddable":true,"href":"https:\/\/isp4-sfe.infd.edu.ar\/sitio\/wp-json\/wp\/v2\/comments?post=2508"}],"version-history":[{"count":39,"href":"https:\/\/isp4-sfe.infd.edu.ar\/sitio\/wp-json\/wp\/v2\/pages\/2508\/revisions"}],"predecessor-version":[{"id":6000,"href":"https:\/\/isp4-sfe.infd.edu.ar\/sitio\/wp-json\/wp\/v2\/pages\/2508\/revisions\/6000"}],"wp:attachment":[{"href":"https:\/\/isp4-sfe.infd.edu.ar\/sitio\/wp-json\/wp\/v2\/media?parent=2508"}],"curies":[{"name":"wp","href":"https:\/\/api.w.org\/{rel}","templated":true}]}}