{"id":1888,"date":"2021-04-05T17:37:29","date_gmt":"2021-04-05T20:37:29","guid":{"rendered":"https:\/\/isp4-sfe.infd.edu.ar\/sitio\/?page_id=1888"},"modified":"2026-03-12T23:31:18","modified_gmt":"2026-03-13T02:31:18","slug":"cuarto-encuentro","status":"publish","type":"page","link":"https:\/\/isp4-sfe.infd.edu.ar\/sitio\/cursos-congresos-jornadas\/curso-taller-virtual\/cuarto-encuentro\/","title":{"rendered":""},"content":{"rendered":"\n<h2 class=\"wp-block-heading has-text-color\" style=\"color:#c65e9e\">Taller Virtual: cuarto encuentro<\/h2>\n\n\n\n<hr class=\"wp-block-separator alignfull has-text-color has-alpha-channel-opacity has-background\" style=\"background-color:#c65e9e;color:#c65e9e\"\/>\n\n\n\n<p>Jueves 3 de septiembre de 2020<\/p>\n\n\n\n<p><iframe loading=\"lazy\" title=\"YouTube video player\" src=\"https:\/\/www.youtube.com\/embed\/j_WB3oOEZdE\" width=\"560\" height=\"315\" frameborder=\"0\" allowfullscreen=\"allowfullscreen\"><\/iframe><\/p>\n\n\n\n<hr class=\"wp-block-separator has-alpha-channel-opacity\"\/>\n\n\n\n<p><span class=\"c5\" style=\"color: #b41c6e;\">TEMAS ABORDADOS &nbsp;<\/span><\/p>\n\n\n\n<hr class=\"wp-block-separator has-alpha-channel-opacity\"\/>\n\n\n\n<ul>\n<li><span class=\"c6\">Qu\u00e9 son los FORMULARIOS DE GOOGLE y c\u00f3mo los podemos aplicar para la EVALUACI\u00d3N&nbsp;<\/span><\/li>\n<\/ul>\n\n\n\n<p><iframe loading=\"lazy\" title=\"YouTube video player\" src=\"https:\/\/www.youtube.com\/embed\/U0MkqRx5WSE\" width=\"560\" height=\"315\" frameborder=\"0\" allowfullscreen=\"allowfullscreen\"><\/iframe><\/p>\n\n\n\n<ul>\n<li>C\u00f3mo se puede dise\u00f1ar una instancia de EVALUACI\u00d3N en los FORMULARIOS DE GOOGLE &#8211; <span style=\"color: #b41c6e;\">PARTE 1<\/span><\/li>\n<\/ul>\n\n\n\n<p><iframe loading=\"lazy\" title=\"YouTube video player\" src=\"https:\/\/www.youtube.com\/embed\/36up3zlUoG0\" width=\"560\" height=\"315\" frameborder=\"0\" allowfullscreen=\"allowfullscreen\"><\/iframe><\/p>\n\n\n\n<ul>\n<li>C\u00f3mo se puede dise\u00f1ar una instancia de EVALUACI\u00d3N en los FORMULARIOS DE GOOGLE &#8211; <span style=\"color: #b41c6e;\">PARTE 2<\/span><\/li>\n<\/ul>\n\n\n\n<p><iframe loading=\"lazy\" title=\"YouTube video player\" src=\"https:\/\/www.youtube.com\/embed\/n-7ztPT0W38\" width=\"560\" height=\"315\" frameborder=\"0\" allowfullscreen=\"allowfullscreen\"><\/iframe><\/p>\n\n\n\n<ul>\n<li>C\u00f3mo podemos CONFIGURAR y PERSONALIZAR la INSTANCIA DE EVALUACI\u00d3N en los FORMULARIOS DE GOOGLE<\/li>\n<\/ul>\n\n\n\n<p><iframe loading=\"lazy\" title=\"YouTube video player\" src=\"https:\/\/www.youtube.com\/embed\/obfm1mODuP0\" width=\"560\" height=\"315\" frameborder=\"0\" allowfullscreen=\"allowfullscreen\"><\/iframe><\/p>\n","protected":false},"excerpt":{"rendered":"<p>Taller Virtual: cuarto encuentro Jueves 3 de septiembre de 2020 TEMAS ABORDADOS &nbsp;<\/p>\n","protected":false},"author":1921,"featured_media":0,"parent":1869,"menu_order":0,"comment_status":"closed","ping_status":"closed","template":"","meta":[],"acf":[],"_links":{"self":[{"href":"https:\/\/isp4-sfe.infd.edu.ar\/sitio\/wp-json\/wp\/v2\/pages\/1888"}],"collection":[{"href":"https:\/\/isp4-sfe.infd.edu.ar\/sitio\/wp-json\/wp\/v2\/pages"}],"about":[{"href":"https:\/\/isp4-sfe.infd.edu.ar\/sitio\/wp-json\/wp\/v2\/types\/page"}],"author":[{"embeddable":true,"href":"https:\/\/isp4-sfe.infd.edu.ar\/sitio\/wp-json\/wp\/v2\/users\/1921"}],"replies":[{"embeddable":true,"href":"https:\/\/isp4-sfe.infd.edu.ar\/sitio\/wp-json\/wp\/v2\/comments?post=1888"}],"version-history":[{"count":5,"href":"https:\/\/isp4-sfe.infd.edu.ar\/sitio\/wp-json\/wp\/v2\/pages\/1888\/revisions"}],"predecessor-version":[{"id":5852,"href":"https:\/\/isp4-sfe.infd.edu.ar\/sitio\/wp-json\/wp\/v2\/pages\/1888\/revisions\/5852"}],"up":[{"embeddable":true,"href":"https:\/\/isp4-sfe.infd.edu.ar\/sitio\/wp-json\/wp\/v2\/pages\/1869"}],"wp:attachment":[{"href":"https:\/\/isp4-sfe.infd.edu.ar\/sitio\/wp-json\/wp\/v2\/media?parent=1888"}],"curies":[{"name":"wp","href":"https:\/\/api.w.org\/{rel}","templated":true}]}}