{"id":1882,"date":"2021-04-05T17:36:18","date_gmt":"2021-04-05T20:36:18","guid":{"rendered":"https:\/\/isp4-sfe.infd.edu.ar\/sitio\/?page_id=1882"},"modified":"2026-03-12T23:29:44","modified_gmt":"2026-03-13T02:29:44","slug":"segundo-encuentro","status":"publish","type":"page","link":"https:\/\/isp4-sfe.infd.edu.ar\/sitio\/cursos-congresos-jornadas\/curso-taller-virtual\/segundo-encuentro\/","title":{"rendered":""},"content":{"rendered":"\n<h2 class=\"wp-block-heading has-text-color\" style=\"color:#c65e9e\">Taller Virtual: segundo encuentro<\/h2>\n\n\n\n<hr class=\"wp-block-separator alignfull has-text-color has-alpha-channel-opacity has-background\" style=\"background-color:#c65e9e;color:#c65e9e\"\/>\n\n\n\n<p><span class=\"c6\">Martes 18 de agosto de 2020<\/span><\/p>\n\n\n\n<p><iframe loading=\"lazy\" title=\"YouTube video player\" src=\"https:\/\/www.youtube.com\/embed\/dw5ZbXN5wPs\" width=\"560\" height=\"315\" frameborder=\"0\" allowfullscreen=\"allowfullscreen\"><\/iframe><\/p>\n\n\n\n<hr class=\"wp-block-separator has-alpha-channel-opacity\"\/>\n\n\n\n<p><span class=\"c11 c14\" style=\"color: #b41c6e;\">TEMAS ABORDADOS<\/span><\/p>\n\n\n\n<hr class=\"wp-block-separator has-alpha-channel-opacity\"\/>\n\n\n\n<ul>\n<li><span class=\"c6\">Qu\u00e9 podemos hacer en la secci\u00f3n de CLASSROOM de PERSONAS<\/span><\/li>\n<\/ul>\n\n\n\n<p><iframe loading=\"lazy\" title=\"YouTube video player\" src=\"https:\/\/www.youtube.com\/embed\/KX5swMrEfWc\" width=\"560\" height=\"315\" frameborder=\"0\" allowfullscreen=\"allowfullscreen\"><\/iframe><\/p>\n\n\n\n<ul>\n<li>Qu\u00e9 podemos hacer en la secci\u00f3n de CLASSROOM de CONFIGURACI\u00d3N<\/li>\n<\/ul>\n\n\n\n<p><iframe loading=\"lazy\" title=\"YouTube video player\" src=\"https:\/\/www.youtube.com\/embed\/stwnRrDdqZw\" width=\"560\" height=\"315\" frameborder=\"0\" allowfullscreen=\"allowfullscreen\"><\/iframe><\/p>\n\n\n\n<ul>\n<li>C\u00f3mo podemos editar el ENCABEZADO de CLASSROOM<\/li>\n<\/ul>\n\n\n\n<p><iframe loading=\"lazy\" title=\"YouTube video player\" src=\"https:\/\/www.youtube.com\/embed\/AO8TZpav0NU\" width=\"560\" height=\"315\" frameborder=\"0\" allowfullscreen=\"allowfullscreen\"><\/iframe><\/p>\n\n\n\n<hr class=\"wp-block-separator has-alpha-channel-opacity\"\/>\n\n\n\n<p><span class=\"c5\">A continuaci\u00f3n, se comparten enlaces a <span style=\"color: #b41c6e;\">ENCABEZADOS<\/span> para <span style=\"color: #b41c6e;\">GOOGLE CLASSROOM<\/span> pre dise\u00f1ados a trav\u00e9s de <span style=\"color: #b41c6e;\">PRESENTACIONES DE GOOGLE:<\/span><\/span><\/p>\n\n\n\n<ul>\n<li><span class=\"c5\">Encabezado para Classroom &#8211; <span style=\"color: #b41c6e;\">OPCI\u00d3N 1<\/span><\/span><\/li>\n<\/ul>\n\n\n\n<figure class=\"wp-block-embed\"><div class=\"wp-block-embed__wrapper\">\nhttps:\/\/docs.google.com\/presentation\/d\/1-tKt2IcF-\n<\/div><\/figure>\n\n\n\n<p><span class=\"c8 c6\"><a class=\"c3\" href=\"https:\/\/www.google.com\/url?q=https:\/\/docs.google.com\/presentation\/d\/1-tKt2IcF-WewUMgOFbabIiE8N9xKOuqnTQeRyqJN3QU\/edit?usp%3Dsharing&amp;sa=D&amp;source=editors&amp;ust=1617642341256000&amp;usg=AOvVaw3ax31u65Z9oqiWOTGTzB51\">WewUMgOFbabIiE8N9xKOuqnTQeRyqJN3QU\/edit?usp=sharing<\/a><\/span><span class=\"c8 c6\">&nbsp;<\/span><span class=\"c5\">&nbsp;<\/span><\/p>\n\n\n\n<ul>\n<li><span class=\"c5\">Encabezado para Classroom &#8211; <span style=\"color: #b41c6e;\">OPCI\u00d3N 2<\/span><\/span><\/li>\n<\/ul>\n\n\n\n<figure class=\"wp-block-embed\"><div class=\"wp-block-embed__wrapper\">\nhttps:\/\/docs.google.com\/presentation\/d\/1jPJiJkeZil0R6KxExMb-rkQLYEkgfK6zvURBknyBuk\/edit?usp=sharing\n<\/div><\/figure>\n\n\n\n<ul>\n<li><span class=\"c5\">Encabezado para Classroom &#8211; <span style=\"color: #b41c6e;\">OPCI\u00d3N 3<\/span><\/span><\/li>\n<\/ul>\n\n\n\n<figure class=\"wp-block-embed\"><div class=\"wp-block-embed__wrapper\">\nhttps:\/\/docs.google.com\/presentation\/d\/14X-\n<\/div><\/figure>\n\n\n\n<p><span class=\"c8 c6\"><a class=\"c3\" href=\"https:\/\/www.google.com\/url?q=https:\/\/docs.google.com\/presentation\/d\/14X-PEWIiC4EZCn79j6lkw397pnfl9Q2jOgqL1wKgG30\/edit?usp%3Dsharing&amp;sa=D&amp;source=editors&amp;ust=1617642341259000&amp;usg=AOvVaw276X6sTIIG-6rpR35Fqlmj\">PEWIiC4EZCn79j6lkw397pnfl9Q2jOgqL1wKgG30\/edit?usp=sharing<\/a><\/span><span class=\"c8 c6\">&nbsp;<\/span><\/p>\n\n\n\n<ul>\n<li><span class=\"c5\">Encabezado para Classroom &#8211; <span style=\"color: #b41c6e;\">OPCI\u00d3N 4<\/span><\/span><\/li>\n<\/ul>\n\n\n\n<p><span class=\"c8 c6\"><a class=\"c3\" href=\"https:\/\/www.google.com\/url?q=https:\/\/docs.google.com\/presentation\/d\/1vjcyWOftIHHHaHmtIMWUr38FmQ4DTIqxxMZqRusem_w\/edit?usp%3Dsharing&amp;sa=D&amp;source=editors&amp;ust=1617642341259000&amp;usg=AOvVaw3fAR5vss-uh63a20mc-opW\">https:\/\/docs.google.com\/presentation\/d\/1vjcyWOftIHHHaHmtIMWUr38FmQ4DTIqxxMZqRuse m_w\/edit?usp=sharing<\/a><\/span><span class=\"c8 c6\">&nbsp;<\/span><span class=\"c5\">&nbsp;<\/span><\/p>\n\n\n\n<hr class=\"wp-block-separator has-alpha-channel-opacity\"\/>\n\n\n\n<h4 class=\"wp-block-heading\"><span class=\"c21 c11 c23\" style=\"color: #b41c6e;\"><strong><em>Aclaraci\u00f3n<\/em><\/strong>:<\/span><\/h4>\n\n\n\n<p><span class=\"c21 c11 c28\">Para poder editar y modificar estas presentaciones, se debe primeramente, hacer una copia de cada archivo. Para ello, hacer clic en \u201c<strong>ARCHIVO<\/strong>\u201d, \u201c<strong>HACER COPIA<\/strong>\u201d; \u201c<strong>DE TODA LA PRESENTACI\u00d3N<\/strong>\u201d y guardarla en el <strong>GOOGLE DRIVE<\/strong>. <\/span><\/p>\n\n\n\n<p><span class=\"c21 c11 c28\">Luego, buscar las copias en GOOGLE DRIVE y hacer todas las intervenciones necesarias para personalizar el encabezado de CLASSROOM. <\/span><\/p>\n\n\n\n<p><span class=\"c21 c11 c28\">Finalmente, guardar los archivos con formato <strong>GIF<\/strong> a trav\u00e9s del complemento \u201c<strong>CREATOR STUDIO<\/strong>\u201d, ajustando la CONFIGURACI\u00d3N del ANCHO de 1600 en p\u00edxeles y el INTERVALO de .5.<\/span><\/p>\n","protected":false},"excerpt":{"rendered":"<p>Taller Virtual: segundo encuentro Martes 18 de agosto de 2020 TEMAS ABORDADOS A continuaci\u00f3n, se comparten enlaces a ENCABEZADOS para GOOGLE CLASSROOM pre dise\u00f1ados a trav\u00e9s de PRESENTACIONES DE GOOGLE: WewUMgOFbabIiE8N9xKOuqnTQeRyqJN3QU\/edit?usp=sharing&nbsp;&nbsp; PEWIiC4EZCn79j6lkw397pnfl9Q2jOgqL1wKgG30\/edit?usp=sharing&nbsp; https:\/\/docs.google.com\/presentation\/d\/1vjcyWOftIHHHaHmtIMWUr38FmQ4DTIqxxMZqRuse m_w\/edit?usp=sharing&nbsp;&nbsp; Aclaraci\u00f3n: Para poder editar y modificar estas presentaciones, se debe primeramente, hacer una copia de cada archivo. Para ello, hacer clic &#8230; <a title=\"\" class=\"read-more\" href=\"https:\/\/isp4-sfe.infd.edu.ar\/sitio\/cursos-congresos-jornadas\/curso-taller-virtual\/segundo-encuentro\/\" aria-label=\"More on \">[+]<\/a><\/p>\n","protected":false},"author":1921,"featured_media":0,"parent":1869,"menu_order":0,"comment_status":"closed","ping_status":"closed","template":"","meta":[],"acf":[],"_links":{"self":[{"href":"https:\/\/isp4-sfe.infd.edu.ar\/sitio\/wp-json\/wp\/v2\/pages\/1882"}],"collection":[{"href":"https:\/\/isp4-sfe.infd.edu.ar\/sitio\/wp-json\/wp\/v2\/pages"}],"about":[{"href":"https:\/\/isp4-sfe.infd.edu.ar\/sitio\/wp-json\/wp\/v2\/types\/page"}],"author":[{"embeddable":true,"href":"https:\/\/isp4-sfe.infd.edu.ar\/sitio\/wp-json\/wp\/v2\/users\/1921"}],"replies":[{"embeddable":true,"href":"https:\/\/isp4-sfe.infd.edu.ar\/sitio\/wp-json\/wp\/v2\/comments?post=1882"}],"version-history":[{"count":7,"href":"https:\/\/isp4-sfe.infd.edu.ar\/sitio\/wp-json\/wp\/v2\/pages\/1882\/revisions"}],"predecessor-version":[{"id":5850,"href":"https:\/\/isp4-sfe.infd.edu.ar\/sitio\/wp-json\/wp\/v2\/pages\/1882\/revisions\/5850"}],"up":[{"embeddable":true,"href":"https:\/\/isp4-sfe.infd.edu.ar\/sitio\/wp-json\/wp\/v2\/pages\/1869"}],"wp:attachment":[{"href":"https:\/\/isp4-sfe.infd.edu.ar\/sitio\/wp-json\/wp\/v2\/media?parent=1882"}],"curies":[{"name":"wp","href":"https:\/\/api.w.org\/{rel}","templated":true}]}}