{"id":1880,"date":"2021-04-05T17:35:31","date_gmt":"2021-04-05T20:35:31","guid":{"rendered":"https:\/\/isp4-sfe.infd.edu.ar\/sitio\/?page_id=1880"},"modified":"2026-03-12T23:29:03","modified_gmt":"2026-03-13T02:29:03","slug":"primer-encuentro","status":"publish","type":"page","link":"https:\/\/isp4-sfe.infd.edu.ar\/sitio\/cursos-congresos-jornadas\/curso-taller-virtual\/primer-encuentro\/","title":{"rendered":""},"content":{"rendered":"\n<h2 class=\"wp-block-heading has-text-color\" style=\"color:#c65e9e\">Taller Virtual: primer encuentro<\/h2>\n\n\n\n<hr class=\"wp-block-separator alignfull has-text-color has-alpha-channel-opacity has-background\" style=\"background-color:#c65e9e;color:#c65e9e\"\/>\n\n\n\n<p class=\"has-text-align-left\"><span class=\"c7\">Jueves 13 de agosto de 2020<\/span><\/p>\n\n\n\n<p><iframe loading=\"lazy\" title=\"YouTube video player\" src=\"https:\/\/www.youtube.com\/embed\/khLgFO0kGPI\" width=\"560\" height=\"315\" frameborder=\"0\" allowfullscreen=\"allowfullscreen\"><\/iframe><\/p>\n\n\n\n<hr class=\"wp-block-separator has-alpha-channel-opacity\"\/>\n\n\n\n<p><span class=\"c11 c14\" style=\"color: #b41c6e;\">TEMAS ABORDADOS<\/span><\/p>\n\n\n\n<hr class=\"wp-block-separator has-alpha-channel-opacity\"\/>\n\n\n\n<ul>\n<li><span class=\"c4\">C\u00f3mo generar una cuenta gratuita en GOOGLE<\/span><span class=\"c7\">&nbsp;<\/span><\/li>\n<\/ul>\n\n\n\n<p><iframe loading=\"lazy\" title=\"YouTube video player\" src=\"https:\/\/www.youtube.com\/embed\/Bnqml_JwSs0\" width=\"560\" height=\"315\" frameborder=\"0\" allowfullscreen=\"allowfullscreen\"><\/iframe><\/p>\n\n\n\n<ul>\n<li><span class=\"c4\">C\u00f3mo crear un aula en CLASSROOM<\/span><span class=\"c7\">&nbsp;<\/span><\/li>\n<\/ul>\n\n\n\n<p><iframe loading=\"lazy\" title=\"YouTube video player\" src=\"https:\/\/www.youtube.com\/embed\/oZYxAeR5PXM\" width=\"560\" height=\"315\" frameborder=\"0\" allowfullscreen=\"allowfullscreen\"><\/iframe><\/p>\n\n\n\n<ul>\n<li><span class=\"c4\">C\u00f3mo hacer en la secci\u00f3n de CLASSROOM del TABL\u00d3N<\/span><\/li>\n<\/ul>\n\n\n\n<p><iframe loading=\"lazy\" title=\"YouTube video player\" src=\"https:\/\/www.youtube.com\/embed\/Zczbwc7FRMw\" width=\"560\" height=\"315\" frameborder=\"0\" allowfullscreen=\"allowfullscreen\"><\/iframe><\/p>\n\n\n\n<ul>\n<li><span class=\"c4\">Qu\u00e9 podemos hacer en la secci\u00f3n de CLASSROOM de TAREA DE CLASE &#8211; <span style=\"color: #b41c6e;\">PARTE 1<\/span><\/span><span class=\"c7\" style=\"color: #b41c6e;\">&nbsp;<\/span><\/li>\n<\/ul>\n\n\n\n<p><iframe loading=\"lazy\" title=\"YouTube video player\" src=\"https:\/\/www.youtube.com\/embed\/xlotjO92Lwk\" width=\"560\" height=\"315\" frameborder=\"0\" allowfullscreen=\"allowfullscreen\"><\/iframe><\/p>\n\n\n\n<ul>\n<li><span class=\"c4\">Qu\u00e9 podemos hacer en la secci\u00f3n de CLASSROOM de TAREA DE CLASE&nbsp;&#8211; <span style=\"color: #b41c6e;\">PARTE 2<\/span><\/span><span class=\"c25\" style=\"color: #b41c6e;\">&nbsp;<\/span><\/li>\n<\/ul>\n\n\n\n<p><iframe loading=\"lazy\" title=\"YouTube video player\" src=\"https:\/\/www.youtube.com\/embed\/MUv74CUu6KI\" width=\"560\" height=\"315\" frameborder=\"0\" allowfullscreen=\"allowfullscreen\"><\/iframe><\/p>\n","protected":false},"excerpt":{"rendered":"<p>Taller Virtual: primer encuentro Jueves 13 de agosto de 2020 TEMAS ABORDADOS<\/p>\n","protected":false},"author":1921,"featured_media":0,"parent":1869,"menu_order":0,"comment_status":"closed","ping_status":"closed","template":"","meta":[],"acf":[],"_links":{"self":[{"href":"https:\/\/isp4-sfe.infd.edu.ar\/sitio\/wp-json\/wp\/v2\/pages\/1880"}],"collection":[{"href":"https:\/\/isp4-sfe.infd.edu.ar\/sitio\/wp-json\/wp\/v2\/pages"}],"about":[{"href":"https:\/\/isp4-sfe.infd.edu.ar\/sitio\/wp-json\/wp\/v2\/types\/page"}],"author":[{"embeddable":true,"href":"https:\/\/isp4-sfe.infd.edu.ar\/sitio\/wp-json\/wp\/v2\/users\/1921"}],"replies":[{"embeddable":true,"href":"https:\/\/isp4-sfe.infd.edu.ar\/sitio\/wp-json\/wp\/v2\/comments?post=1880"}],"version-history":[{"count":8,"href":"https:\/\/isp4-sfe.infd.edu.ar\/sitio\/wp-json\/wp\/v2\/pages\/1880\/revisions"}],"predecessor-version":[{"id":5849,"href":"https:\/\/isp4-sfe.infd.edu.ar\/sitio\/wp-json\/wp\/v2\/pages\/1880\/revisions\/5849"}],"up":[{"embeddable":true,"href":"https:\/\/isp4-sfe.infd.edu.ar\/sitio\/wp-json\/wp\/v2\/pages\/1869"}],"wp:attachment":[{"href":"https:\/\/isp4-sfe.infd.edu.ar\/sitio\/wp-json\/wp\/v2\/media?parent=1880"}],"curies":[{"name":"wp","href":"https:\/\/api.w.org\/{rel}","templated":true}]}}